{"id":1385,"date":"2025-02-21T16:57:35","date_gmt":"2025-02-21T15:57:35","guid":{"rendered":"https:\/\/oliviteexport.com\/canal-etic\/"},"modified":"2025-12-12T17:12:07","modified_gmt":"2025-12-12T16:12:07","slug":"canal-etic","status":"publish","type":"page","link":"https:\/\/oliviteexport.com\/ca\/canal-etic\/","title":{"rendered":"Canal \u00e8tic"},"content":{"rendered":"<p>[et_pb_section fb_built=&#8221;1&#8243; _builder_version=&#8221;4.27.4&#8243; _module_preset=&#8221;default&#8221; locked=&#8221;off&#8221; global_colors_info=&#8221;{}&#8221;][et_pb_row custom_padding_last_edited=&#8221;on|desktop&#8221; admin_label=&#8221;Fila&#8221; _builder_version=&#8221;4.27.4&#8243; _module_preset=&#8221;default&#8221; custom_padding=&#8221;0px||||false|false&#8221; custom_padding_tablet=&#8221;0px||||false|false&#8221; custom_padding_phone=&#8221;0px||||false|false&#8221; global_colors_info=&#8221;{}&#8221;][et_pb_column type=&#8221;4_4&#8243; _builder_version=&#8221;4.27.4&#8243; _module_preset=&#8221;default&#8221; z_index=&#8221;1&#8243; global_colors_info=&#8221;{}&#8221;][et_pb_text _builder_version=&#8221;4.27.4&#8243; _module_preset=&#8221;default&#8221; header_text_align=&#8221;center&#8221; custom_margin=&#8221;20px||56px||false|false&#8221; custom_margin_tablet=&#8221;||70px||false|false&#8221; custom_margin_phone=&#8221;||70px||false|false&#8221; custom_margin_last_edited=&#8221;on|tablet&#8221; global_colors_info=&#8221;{}&#8221;]<\/p>\n<h1>Canal \u00e8tic<\/h1>\n<p>[\/et_pb_text][et_pb_text _builder_version=&#8221;4.27.4&#8243; _module_preset=&#8221;default&#8221; header_text_align=&#8221;center&#8221; header_2_text_align=&#8221;center&#8221; custom_margin=&#8221;||52px||false|false&#8221; global_colors_info=&#8221;{}&#8221;]<\/p>\n<h2>Objecte de les den\u00fancies<\/h2>\n<p>[\/et_pb_text][et_pb_text _builder_version=&#8221;4.27.4&#8243; _module_preset=&#8221;default&#8221; text_orientation=&#8221;center&#8221; max_width=&#8221;1038px&#8221; module_alignment=&#8221;center&#8221; custom_margin=&#8221;||||false|false&#8221; global_colors_info=&#8221;{}&#8221;]<\/p>\n<p>A trav\u00e9s d\u2019aquest mitj\u00e0 s\u2019han de comunicar les possibles irregularitats que puguin suposar una infracci\u00f3 de les disposicions legals, de la normativa i\/o dels procediments interns vigents.<\/p>\n<p><\/p>\n<p>Per assegurar una correcta gesti\u00f3 de la seva comunicaci\u00f3, inclogui el m\u00e0xim detall possible dels fets, i es podran adjuntar tots els documents que es considerin oportuns per facilitar la seva posterior investigaci\u00f3.<\/p>\n<p>[\/et_pb_text][\/et_pb_column][\/et_pb_row][\/et_pb_section][et_pb_section fb_built=&#8221;1&#8243; custom_padding_last_edited=&#8221;on|tablet&#8221; _builder_version=&#8221;4.27.4&#8243; _module_preset=&#8221;default&#8221; custom_padding=&#8221;0px||||false|false&#8221; custom_padding_tablet=&#8221;0px||||false|false&#8221; custom_padding_phone=&#8221;0px||||false|false&#8221; locked=&#8221;off&#8221; global_colors_info=&#8221;{}&#8221;][et_pb_row column_structure=&#8221;1_2,1_2&#8243; use_custom_gutter=&#8221;on&#8221; gutter_width=&#8221;1&#8243; make_equal=&#8221;on&#8221; module_class=&#8221;column-reverse&#8221; _builder_version=&#8221;4.27.4&#8243; _module_preset=&#8221;default&#8221; background_color=&#8221;#F8F2ED&#8221; custom_margin=&#8221;||||false|false&#8221; global_colors_info=&#8221;{}&#8221;][et_pb_column type=&#8221;1_2&#8243; _builder_version=&#8221;4.27.4&#8243; _module_preset=&#8221;default&#8221; background_image=&#8221;https:\/\/oliviteexport.com\/wp-content\/uploads\/2025\/02\/canal-etico.jpg&#8221; global_colors_info=&#8221;{}&#8221;][et_pb_image src=&#8221;https:\/\/oliviteexport.com\/wp-content\/uploads\/2025\/02\/canal-etico.jpg&#8221; title_text=&#8221;canal-etico&#8221; disabled_on=&#8221;off|off|on&#8221; _builder_version=&#8221;4.27.4&#8243; _module_preset=&#8221;default&#8221; global_colors_info=&#8221;{}&#8221;][\/et_pb_image][\/et_pb_column][et_pb_column type=&#8221;1_2&#8243; _builder_version=&#8221;4.27.4&#8243; _module_preset=&#8221;default&#8221; background_color=&#8221;#F8F2ED&#8221; custom_padding=&#8221;100px|60px|70px|60px|false|false&#8221; custom_padding_tablet=&#8221;70px|40px|70px|40px|false|false&#8221; custom_padding_phone=&#8221;|20px||20px|false|false&#8221; custom_padding_last_edited=&#8221;on|phone&#8221; global_colors_info=&#8221;{}&#8221;][et_pb_text _builder_version=&#8221;4.27.4&#8243; _module_preset=&#8221;default&#8221; custom_margin=&#8221;||50px||false|false&#8221; global_colors_info=&#8221;{}&#8221;]<\/p>\n<h2>Acc\u00e9s al canal \u00e8tic<\/h2>\n<p>[\/et_pb_text][et_pb_text _builder_version=&#8221;4.27.4&#8243; _module_preset=&#8221;default&#8221; max_width=&#8221;673px&#8221; custom_margin=&#8221;||30px||false|false&#8221; custom_padding=&#8221;||||false|false&#8221; global_colors_info=&#8221;{}&#8221;]<\/p>\n<p>Podeu realitzar la vostra den\u00fancia a trav\u00e9s del seg\u00fcent enlla\u00e7:<\/p>\n<p>[\/et_pb_text][et_pb_text _builder_version=&#8221;4.27.4&#8243; _module_preset=&#8221;default&#8221; custom_margin=&#8221;||20px||false|false&#8221; custom_padding=&#8221;||0px|||&#8221; hover_enabled=&#8221;0&#8243; global_colors_info=&#8221;{}&#8221; sticky_enabled=&#8221;0&#8243;]<a class=\"ja-jobs-links__link\" href=\"https:\/\/whistleblowersoftware.com\/secure\/oliviteexport-canal-etico\" target=\"_blank\">Formulari del canal \u00e8tic<\/a> <span class=\"dashicons-before dashicons-arrow-right-alt\"><\/span>[\/et_pb_text][et_pb_text _builder_version=&#8221;4.27.4&#8243; _module_preset=&#8221;default&#8221; custom_margin=&#8221;||20px||false|false&#8221; hover_enabled=&#8221;0&#8243; global_colors_info=&#8221;{}&#8221; sticky_enabled=&#8221;0&#8243;]<a class=\"ja-jobs-links__link\" href=\"https:\/\/oliviteexport.com\/wp-content\/uploads\/2025\/02\/Politica-Gestion-Canal-Etico-1.pdf\" target=\"_blank\">Pol\u00edtica del canal \u00e8tic<\/a> <span class=\"dashicons-before dashicons-arrow-right-alt\"><\/span>[\/et_pb_text][et_pb_text _builder_version=&#8221;4.27.4&#8243; _module_preset=&#8221;default&#8221; hover_enabled=&#8221;0&#8243; global_colors_info=&#8221;{}&#8221; sticky_enabled=&#8221;0&#8243;]<a class=\"ja-jobs-links__link\" href=\"https:\/\/oliviteexport.com\/wp-content\/uploads\/2025\/02\/codigo-etico.pdf\" target=\"_blank\">Codi \u00e8tic<\/a> <span class=\"dashicons-before dashicons-arrow-right-alt\"><\/span>[\/et_pb_text][\/et_pb_column][\/et_pb_row][\/et_pb_section][et_pb_section fb_built=&#8221;1&#8243; module_class=&#8221;z-index-0&#8243; _builder_version=&#8221;4.27.4&#8243; _module_preset=&#8221;default&#8221; background_image=&#8221;https:\/\/oliviteexport.com\/wp-content\/uploads\/2025\/02\/home-contacta.jpg&#8221; global_module=&#8221;185&#8243; saved_tabs=&#8221;all&#8221; global_colors_info=&#8221;{}&#8221;][et_pb_row module_class=&#8221;z-index-0&#8243; _builder_version=&#8221;4.27.4&#8243; _module_preset=&#8221;default&#8221; global_colors_info=&#8221;{}&#8221;][et_pb_column type=&#8221;4_4&#8243; _builder_version=&#8221;4.27.4&#8243; _module_preset=&#8221;default&#8221; global_colors_info=&#8221;{}&#8221;][et_pb_text _builder_version=&#8221;4.27.4&#8243; _module_preset=&#8221;default&#8221; header_2_text_align=&#8221;center&#8221; header_2_text_color=&#8221;#575757&#8243; custom_margin=&#8221;||30px||false|false&#8221; global_colors_info=&#8221;{}&#8221;]<\/p>\n<h2>Contacta amb nosaltres<\/h2>\n<p>[\/et_pb_text][et_pb_text _builder_version=&#8221;4.27.4&#8243; _module_preset=&#8221;default&#8221; text_font_size=&#8221;16px&#8221; text_orientation=&#8221;center&#8221; custom_margin=&#8221;||40px||false|false&#8221; global_colors_info=&#8221;{}&#8221;]<\/p>\n<p>Vols saber m\u00e9s sobre la nostra fam\u00edlia?<br \/>\nEnvia\u2019ns un missatge de manera r\u00e0pida i senzilla.<\/p>\n<p>[\/et_pb_text][et_pb_button button_url=&#8221;@ET-DC@eyJkeW5hbWljIjp0cnVlLCJjb250ZW50IjoicG9zdF9saW5rX3VybF9wYWdlIiwic2V0dGluZ3MiOnsicG9zdF9pZCI6IjE3MSJ9fQ==@&#8221; button_text=&#8221;Contactar&#8221; button_alignment=&#8221;center&#8221; _builder_version=&#8221;4.27.4&#8243; _dynamic_attributes=&#8221;button_url&#8221; _module_preset=&#8221;f10610b1-e7c7-45bf-a6fd-2e7ca92191c9&#8243; custom_button=&#8221;on&#8221; button_text_size=&#8221;18px&#8221; button_text_color=&#8221;#575757&#8243; button_bg_color=&#8221;#FFFFFF&#8221; button_border_color=&#8221;#FFFFFF&#8221; button_border_radius=&#8221;0px&#8221; button_use_icon=&#8221;off&#8221; custom_padding=&#8221;10px|40px|10px|40px|true|true&#8221; global_colors_info=&#8221;{}&#8221; button_text_color__hover_enabled=&#8221;on|hover&#8221; button_text_color__hover=&#8221;#FFFFFF&#8221; button_bg_color__hover_enabled=&#8221;on|hover&#8221; button_bg_color__hover=&#8221;#575757&#8243; button_bg_enable_color__hover=&#8221;on&#8221; button_border_color__hover_enabled=&#8221;on|hover&#8221; button_border_color__hover=&#8221;#575757&#8243;][\/et_pb_button][\/et_pb_column][\/et_pb_row][\/et_pb_section]<\/p>\n","protected":false},"excerpt":{"rendered":"<p>Canal \u00e8ticObjecte de les den\u00fanciesA trav\u00e9s d\u2019aquest mitj\u00e0 s\u2019han de comunicar les possibles irregularitats que puguin suposar una infracci\u00f3 de les disposicions legals, de la normativa i\/o dels procediments interns vigents.Per assegurar una correcta gesti\u00f3 de la seva comunicaci\u00f3, inclogui el m\u00e0xim detall possible dels fets, i es podran adjuntar tots els documents que es [&hellip;]<\/p>\n","protected":false},"author":1,"featured_media":0,"parent":0,"menu_order":0,"comment_status":"closed","ping_status":"closed","template":"","meta":{"_acf_changed":false,"_et_pb_use_builder":"on","_et_pb_old_content":"","_et_gb_content_width":"","footnotes":""},"class_list":["post-1385","page","type-page","status-publish","hentry"],"acf":[],"yoast_head":"<!-- This site is optimized with the Yoast SEO plugin v27.1.1 - https:\/\/yoast.com\/product\/yoast-seo-wordpress\/ -->\n<title>Canal \u00e8tic - Olivite Export<\/title>\n<meta name=\"robots\" content=\"index, follow, max-snippet:-1, max-image-preview:large, max-video-preview:-1\" \/>\n<link rel=\"canonical\" href=\"https:\/\/oliviteexport.com\/ca\/canal-etic\/\" \/>\n<meta property=\"og:locale\" content=\"ca_ES\" \/>\n<meta property=\"og:type\" content=\"article\" \/>\n<meta property=\"og:title\" content=\"Canal \u00e8tic - Olivite Export\" \/>\n<meta property=\"og:description\" content=\"Canal \u00e8ticObjecte de les den\u00fanciesA trav\u00e9s d\u2019aquest mitj\u00e0 s\u2019han de comunicar les possibles irregularitats que puguin suposar una infracci\u00f3 de les disposicions legals, de la normativa i\/o dels procediments interns vigents.Per assegurar una correcta gesti\u00f3 de la seva comunicaci\u00f3, inclogui el m\u00e0xim detall possible dels fets, i es podran adjuntar tots els documents que es [&hellip;]\" \/>\n<meta property=\"og:url\" content=\"https:\/\/oliviteexport.com\/ca\/canal-etic\/\" \/>\n<meta property=\"og:site_name\" content=\"Olivite Export\" \/>\n<meta property=\"article:modified_time\" content=\"2025-12-12T16:12:07+00:00\" \/>\n<meta name=\"twitter:card\" content=\"summary_large_image\" \/>\n<meta name=\"twitter:site\" content=\"@OliviteExportSL\" \/>\n<meta name=\"twitter:label1\" content=\"Temps estimat de lectura\" \/>\n\t<meta name=\"twitter:data1\" content=\"4 minuts\" \/>\n<script type=\"application\/ld+json\" class=\"yoast-schema-graph\">{\"@context\":\"https:\/\/schema.org\",\"@graph\":[{\"@type\":\"WebPage\",\"@id\":\"https:\/\/oliviteexport.com\/ca\/canal-etic\/\",\"url\":\"https:\/\/oliviteexport.com\/ca\/canal-etic\/\",\"name\":\"Canal \u00e8tic - Olivite Export\",\"isPartOf\":{\"@id\":\"https:\/\/oliviteexport.com\/ca\/#website\"},\"datePublished\":\"2025-02-21T15:57:35+00:00\",\"dateModified\":\"2025-12-12T16:12:07+00:00\",\"breadcrumb\":{\"@id\":\"https:\/\/oliviteexport.com\/ca\/canal-etic\/#breadcrumb\"},\"inLanguage\":\"ca\",\"potentialAction\":[{\"@type\":\"ReadAction\",\"target\":[\"https:\/\/oliviteexport.com\/ca\/canal-etic\/\"]}]},{\"@type\":\"BreadcrumbList\",\"@id\":\"https:\/\/oliviteexport.com\/ca\/canal-etic\/#breadcrumb\",\"itemListElement\":[{\"@type\":\"ListItem\",\"position\":1,\"name\":\"Portada\",\"item\":\"https:\/\/oliviteexport.com\/ca\/\"},{\"@type\":\"ListItem\",\"position\":2,\"name\":\"Canal \u00e8tic\"}]},{\"@type\":\"WebSite\",\"@id\":\"https:\/\/oliviteexport.com\/ca\/#website\",\"url\":\"https:\/\/oliviteexport.com\/ca\/\",\"name\":\"Olivite Export\",\"description\":\"\",\"publisher\":{\"@id\":\"https:\/\/oliviteexport.com\/ca\/#organization\"},\"potentialAction\":[{\"@type\":\"SearchAction\",\"target\":{\"@type\":\"EntryPoint\",\"urlTemplate\":\"https:\/\/oliviteexport.com\/ca\/?s={search_term_string}\"},\"query-input\":{\"@type\":\"PropertyValueSpecification\",\"valueRequired\":true,\"valueName\":\"search_term_string\"}}],\"inLanguage\":\"ca\"},{\"@type\":\"Organization\",\"@id\":\"https:\/\/oliviteexport.com\/ca\/#organization\",\"name\":\"Olivite Export\",\"url\":\"https:\/\/oliviteexport.com\/ca\/\",\"logo\":{\"@type\":\"ImageObject\",\"inLanguage\":\"ca\",\"@id\":\"https:\/\/oliviteexport.com\/ca\/#\/schema\/logo\/image\/\",\"url\":\"https:\/\/oliviteexport.com\/wp-content\/uploads\/2025\/02\/logo.png\",\"contentUrl\":\"https:\/\/oliviteexport.com\/wp-content\/uploads\/2025\/02\/logo.png\",\"width\":216,\"height\":102,\"caption\":\"Olivite Export\"},\"image\":{\"@id\":\"https:\/\/oliviteexport.com\/ca\/#\/schema\/logo\/image\/\"},\"sameAs\":[\"https:\/\/x.com\/OliviteExportSL\",\"https:\/\/www.instagram.com\/oliviteexport\/\"]}]}<\/script>\n<!-- \/ Yoast SEO plugin. -->","yoast_head_json":{"title":"Canal \u00e8tic - Olivite Export","robots":{"index":"index","follow":"follow","max-snippet":"max-snippet:-1","max-image-preview":"max-image-preview:large","max-video-preview":"max-video-preview:-1"},"canonical":"https:\/\/oliviteexport.com\/ca\/canal-etic\/","og_locale":"ca_ES","og_type":"article","og_title":"Canal \u00e8tic - Olivite Export","og_description":"Canal \u00e8ticObjecte de les den\u00fanciesA trav\u00e9s d\u2019aquest mitj\u00e0 s\u2019han de comunicar les possibles irregularitats que puguin suposar una infracci\u00f3 de les disposicions legals, de la normativa i\/o dels procediments interns vigents.Per assegurar una correcta gesti\u00f3 de la seva comunicaci\u00f3, inclogui el m\u00e0xim detall possible dels fets, i es podran adjuntar tots els documents que es [&hellip;]","og_url":"https:\/\/oliviteexport.com\/ca\/canal-etic\/","og_site_name":"Olivite Export","article_modified_time":"2025-12-12T16:12:07+00:00","twitter_card":"summary_large_image","twitter_site":"@OliviteExportSL","twitter_misc":{"Temps estimat de lectura":"4 minuts"},"schema":{"@context":"https:\/\/schema.org","@graph":[{"@type":"WebPage","@id":"https:\/\/oliviteexport.com\/ca\/canal-etic\/","url":"https:\/\/oliviteexport.com\/ca\/canal-etic\/","name":"Canal \u00e8tic - Olivite Export","isPartOf":{"@id":"https:\/\/oliviteexport.com\/ca\/#website"},"datePublished":"2025-02-21T15:57:35+00:00","dateModified":"2025-12-12T16:12:07+00:00","breadcrumb":{"@id":"https:\/\/oliviteexport.com\/ca\/canal-etic\/#breadcrumb"},"inLanguage":"ca","potentialAction":[{"@type":"ReadAction","target":["https:\/\/oliviteexport.com\/ca\/canal-etic\/"]}]},{"@type":"BreadcrumbList","@id":"https:\/\/oliviteexport.com\/ca\/canal-etic\/#breadcrumb","itemListElement":[{"@type":"ListItem","position":1,"name":"Portada","item":"https:\/\/oliviteexport.com\/ca\/"},{"@type":"ListItem","position":2,"name":"Canal \u00e8tic"}]},{"@type":"WebSite","@id":"https:\/\/oliviteexport.com\/ca\/#website","url":"https:\/\/oliviteexport.com\/ca\/","name":"Olivite Export","description":"","publisher":{"@id":"https:\/\/oliviteexport.com\/ca\/#organization"},"potentialAction":[{"@type":"SearchAction","target":{"@type":"EntryPoint","urlTemplate":"https:\/\/oliviteexport.com\/ca\/?s={search_term_string}"},"query-input":{"@type":"PropertyValueSpecification","valueRequired":true,"valueName":"search_term_string"}}],"inLanguage":"ca"},{"@type":"Organization","@id":"https:\/\/oliviteexport.com\/ca\/#organization","name":"Olivite Export","url":"https:\/\/oliviteexport.com\/ca\/","logo":{"@type":"ImageObject","inLanguage":"ca","@id":"https:\/\/oliviteexport.com\/ca\/#\/schema\/logo\/image\/","url":"https:\/\/oliviteexport.com\/wp-content\/uploads\/2025\/02\/logo.png","contentUrl":"https:\/\/oliviteexport.com\/wp-content\/uploads\/2025\/02\/logo.png","width":216,"height":102,"caption":"Olivite Export"},"image":{"@id":"https:\/\/oliviteexport.com\/ca\/#\/schema\/logo\/image\/"},"sameAs":["https:\/\/x.com\/OliviteExportSL","https:\/\/www.instagram.com\/oliviteexport\/"]}]}},"_links":{"self":[{"href":"https:\/\/oliviteexport.com\/ca\/wp-json\/wp\/v2\/pages\/1385","targetHints":{"allow":["GET"]}}],"collection":[{"href":"https:\/\/oliviteexport.com\/ca\/wp-json\/wp\/v2\/pages"}],"about":[{"href":"https:\/\/oliviteexport.com\/ca\/wp-json\/wp\/v2\/types\/page"}],"author":[{"embeddable":true,"href":"https:\/\/oliviteexport.com\/ca\/wp-json\/wp\/v2\/users\/1"}],"replies":[{"embeddable":true,"href":"https:\/\/oliviteexport.com\/ca\/wp-json\/wp\/v2\/comments?post=1385"}],"version-history":[{"count":4,"href":"https:\/\/oliviteexport.com\/ca\/wp-json\/wp\/v2\/pages\/1385\/revisions"}],"predecessor-version":[{"id":1389,"href":"https:\/\/oliviteexport.com\/ca\/wp-json\/wp\/v2\/pages\/1385\/revisions\/1389"}],"wp:attachment":[{"href":"https:\/\/oliviteexport.com\/ca\/wp-json\/wp\/v2\/media?parent=1385"}],"curies":[{"name":"wp","href":"https:\/\/api.w.org\/{rel}","templated":true}]}}