{"id":1403,"date":"2025-02-14T17:18:24","date_gmt":"2025-02-14T16:18:24","guid":{"rendered":"https:\/\/oliviteexport.com\/marques\/"},"modified":"2025-12-12T17:46:04","modified_gmt":"2025-12-12T16:46:04","slug":"marques","status":"publish","type":"page","link":"https:\/\/oliviteexport.com\/ca\/marques\/","title":{"rendered":"Marques"},"content":{"rendered":"<p>[et_pb_section fb_built=&#8221;1&#8243; module_class=&#8221;et_pb_section_pt&#8221; _builder_version=&#8221;4.27.4&#8243; _module_preset=&#8221;default&#8221; locked=&#8221;off&#8221; global_colors_info=&#8221;{}&#8221;][et_pb_row _builder_version=&#8221;4.27.4&#8243; _module_preset=&#8221;default&#8221; global_colors_info=&#8221;{}&#8221; hover_enabled=&#8221;0&#8243; sticky_enabled=&#8221;0&#8243;][et_pb_column type=&#8221;4_4&#8243; _builder_version=&#8221;4.27.4&#8243; _module_preset=&#8221;default&#8221; global_colors_info=&#8221;{}&#8221;][et_pb_text _builder_version=&#8221;4.27.4&#8243; _module_preset=&#8221;default&#8221; header_text_align=&#8221;center&#8221; custom_margin=&#8221;20px||55px||false|false&#8221; custom_margin_tablet=&#8221;||70px||false|false&#8221; custom_margin_phone=&#8221;||70px||false|false&#8221; custom_margin_last_edited=&#8221;on|tablet&#8221; global_colors_info=&#8221;{}&#8221;]<\/p>\n<h1>Les nostres marques<\/h1>\n<p>[\/et_pb_text][\/et_pb_column][\/et_pb_row][\/et_pb_section][et_pb_section fb_built=&#8221;1&#8243; custom_padding_last_edited=&#8221;on|tablet&#8221; _builder_version=&#8221;4.27.4&#8243; _module_preset=&#8221;default&#8221; custom_padding=&#8221;0px||||false|false&#8221; custom_padding_tablet=&#8221;0px||||false|false&#8221; custom_padding_phone=&#8221;0px||||false|false&#8221; locked=&#8221;off&#8221; global_colors_info=&#8221;{}&#8221;][et_pb_row column_structure=&#8221;1_2,1_2&#8243; use_custom_gutter=&#8221;on&#8221; gutter_width=&#8221;1&#8243; make_equal=&#8221;on&#8221; module_class=&#8221;column-reverse&#8221; _builder_version=&#8221;4.27.4&#8243; _module_preset=&#8221;default&#8221; background_color=&#8221;#F8F2ED&#8221; custom_margin=&#8221;||63px||false|false&#8221; global_colors_info=&#8221;{}&#8221;][et_pb_column type=&#8221;1_2&#8243; _builder_version=&#8221;4.27.4&#8243; _module_preset=&#8221;default&#8221; background_image=&#8221;https:\/\/oliviteexport.com\/wp-content\/uploads\/2025\/02\/olinyo-1870-marcas.jpg&#8221; global_colors_info=&#8221;{}&#8221;][et_pb_image src=&#8221;https:\/\/oliviteexport.com\/wp-content\/uploads\/2025\/02\/olinyo-1870-marcas.jpg&#8221; title_text=&#8221;olinyo-1870-marcas&#8221; disabled_on=&#8221;off|off|on&#8221; _builder_version=&#8221;4.27.4&#8243; _module_preset=&#8221;default&#8221; global_colors_info=&#8221;{}&#8221;][\/et_pb_image][\/et_pb_column][et_pb_column type=&#8221;1_2&#8243; _builder_version=&#8221;4.27.4&#8243; _module_preset=&#8221;default&#8221; background_color=&#8221;#F8F2ED&#8221; custom_padding=&#8221;80px|60px|80px|60px|false|false&#8221; custom_padding_tablet=&#8221;70px|40px|70px|40px|false|false&#8221; custom_padding_phone=&#8221;|20px||20px|false|false&#8221; custom_padding_last_edited=&#8221;on|desktop&#8221; global_colors_info=&#8221;{}&#8221;][et_pb_text _builder_version=&#8221;4.27.4&#8243; _module_preset=&#8221;default&#8221; custom_margin=&#8221;||20px||false|false&#8221; global_colors_info=&#8221;{}&#8221;]<\/p>\n<h2>Oliny\u00f3 1870<\/h2>\n<p>[\/et_pb_text][et_pb_text _builder_version=&#8221;4.27.4&#8243; _module_preset=&#8221;default&#8221; max_width=&#8221;673px&#8221; global_colors_info=&#8221;{}&#8221;]<\/p>\n<p style=\"text-align: justify;\"><strong>Oliny\u00f3 1870<\/strong> \u00e9s la nostra marca ins\u00edgnia, la culminaci\u00f3 de la uni\u00f3 de les m\u00e9s de 2.000 fam\u00edlies que formen part d\u2019Olivite Export, la reivindicaci\u00f3 de la feina ben feta i d\u2019unes terres d\u2019oliveres mil\u00b7len\u00e0ries.<\/p>\n<p><\/p>\n<p style=\"text-align: justify;\">Hem creat una gamma de diferents olis d\u2019oliva per a tots els gustos i adaptables a les necessitats de cada fam\u00edlia. (<a href=\"http:\/\/www.olinyo1870.com\/\" target=\"_blank\" rel=\"noopener\">www.olinyo1870.com<\/a>)<\/p>\n<p>[\/et_pb_text][\/et_pb_column][\/et_pb_row][et_pb_row column_structure=&#8221;1_2,1_2&#8243; use_custom_gutter=&#8221;on&#8221; gutter_width=&#8221;1&#8243; make_equal=&#8221;on&#8221; module_class=&#8221;column-reverse&#8221; _builder_version=&#8221;4.27.4&#8243; _module_preset=&#8221;default&#8221; background_color=&#8221;#dadfd8&#8243; custom_margin=&#8221;||63px||false|false&#8221; global_colors_info=&#8221;{}&#8221;][et_pb_column type=&#8221;1_2&#8243; _builder_version=&#8221;4.27.4&#8243; _module_preset=&#8221;default&#8221; background_image=&#8221;https:\/\/oliviteexport.com\/wp-content\/uploads\/2025\/02\/ballester-marcas.jpg&#8221; global_colors_info=&#8221;{}&#8221;][et_pb_image src=&#8221;https:\/\/oliviteexport.com\/wp-content\/uploads\/2025\/02\/ballester-marcas.jpg&#8221; title_text=&#8221;ballester-marcas&#8221; disabled_on=&#8221;off|off|on&#8221; _builder_version=&#8221;4.27.4&#8243; _module_preset=&#8221;default&#8221; global_colors_info=&#8221;{}&#8221;][\/et_pb_image][\/et_pb_column][et_pb_column type=&#8221;1_2&#8243; _builder_version=&#8221;4.27.4&#8243; _module_preset=&#8221;default&#8221; background_enable_color=&#8221;off&#8221; custom_padding=&#8221;80px|60px|80px|60px|false|false&#8221; custom_padding_tablet=&#8221;70px|40px|70px|40px|false|false&#8221; custom_padding_phone=&#8221;|20px||20px|false|false&#8221; custom_padding_last_edited=&#8221;on|phone&#8221; global_colors_info=&#8221;{}&#8221;][et_pb_text _builder_version=&#8221;4.27.4&#8243; _module_preset=&#8221;default&#8221; custom_margin=&#8221;||20px||false|false&#8221; global_colors_info=&#8221;{}&#8221;]<\/p>\n<h2>Ballester<\/h2>\n<p>[\/et_pb_text][et_pb_text _builder_version=&#8221;4.27.4&#8243; _module_preset=&#8221;default&#8221; text_text_color=&#8221;#010101&#8243; max_width=&#8221;673px&#8221; custom_padding=&#8221;||0px|||&#8221; global_colors_info=&#8221;{}&#8221;]<\/p>\n<p style=\"text-align: justify;\"><strong>BALLESTER<\/strong>, representa el llegat de la fam\u00edlia Ballester. Cada gota d\u2019oli neix de la uni\u00f3 entre tradici\u00f3, experi\u00e8ncia i respecte per la terra. Amb m\u00e9s de 150 anys d\u2019experi\u00e8ncia, \u00e9s un referent en la producci\u00f3 d\u2019olis d\u2019oliva de qualitat excepcional, exportats als cinc continents des de 1870, consolidant-se com a l\u00edder internacional en l\u2019exportaci\u00f3 de productes mediterranis de qualitat. La seva \u00e0mplia gamma inclou olis d\u2019oliva de diverses qualitats, adaptats a tots els paladars i usos culinaris.<\/p>\n<p>[\/et_pb_text][\/et_pb_column][\/et_pb_row][et_pb_row column_structure=&#8221;1_2,1_2&#8243; use_custom_gutter=&#8221;on&#8221; gutter_width=&#8221;1&#8243; make_equal=&#8221;on&#8221; module_class=&#8221;column-reverse&#8221; _builder_version=&#8221;4.27.4&#8243; _module_preset=&#8221;default&#8221; background_color=&#8221;#c6d4c2&#8243; custom_margin=&#8221;||63px||false|false&#8221; global_colors_info=&#8221;{}&#8221;][et_pb_column type=&#8221;1_2&#8243; _builder_version=&#8221;4.27.4&#8243; _module_preset=&#8221;default&#8221; background_image=&#8221;https:\/\/oliviteexport.com\/wp-content\/uploads\/2025\/02\/salat-marcas.jpg&#8221; global_colors_info=&#8221;{}&#8221;][et_pb_image src=&#8221;https:\/\/oliviteexport.com\/wp-content\/uploads\/2025\/02\/salat-marcas.jpg&#8221; title_text=&#8221;salat-marcas&#8221; disabled_on=&#8221;off|off|on&#8221; _builder_version=&#8221;4.27.4&#8243; _module_preset=&#8221;default&#8221; global_colors_info=&#8221;{}&#8221;][\/et_pb_image][\/et_pb_column][et_pb_column type=&#8221;1_2&#8243; _builder_version=&#8221;4.27.4&#8243; _module_preset=&#8221;default&#8221; background_enable_color=&#8221;off&#8221; custom_padding=&#8221;80px|60px|80px|60px|false|false&#8221; custom_padding_tablet=&#8221;70px|40px|70px|40px|false|false&#8221; custom_padding_phone=&#8221;|20px||20px|false|false&#8221; custom_padding_last_edited=&#8221;on|phone&#8221; global_colors_info=&#8221;{}&#8221;][et_pb_text _builder_version=&#8221;4.27.4&#8243; _module_preset=&#8221;default&#8221; custom_margin=&#8221;||20px||false|false&#8221; global_colors_info=&#8221;{}&#8221;]<\/p>\n<h2>Salat<\/h2>\n<p>[\/et_pb_text][et_pb_text _builder_version=&#8221;4.27.4&#8243; _module_preset=&#8221;default&#8221; text_text_color=&#8221;#010101&#8243; max_width=&#8221;673px&#8221; global_colors_info=&#8221;{}&#8221;]<\/p>\n<p style=\"text-align: justify;\"><strong>SALAT<\/strong> \u00e9s una marca amb m\u00e9s de 90 anys d\u2019hist\u00f2ria, destacant per l\u2019excel\u00b7l\u00e8ncia i la qualitat dels seus olis d\u2019oliva principalment en mercats centreamericans. Els olis d\u2019oliva SALAT continuen sent avui sin\u00f2nim de qualitat i sabor mediterrani arreu del m\u00f3n. Amb diverses presentacions, SALAT exporta globalment el seu llegat d\u2019excel\u00b7l\u00e8ncia.<\/p>\n<p>[\/et_pb_text][\/et_pb_column][\/et_pb_row][et_pb_row column_structure=&#8221;1_2,1_2&#8243; use_custom_gutter=&#8221;on&#8221; gutter_width=&#8221;1&#8243; make_equal=&#8221;on&#8221; module_class=&#8221;column-reverse&#8221; _builder_version=&#8221;4.27.4&#8243; _module_preset=&#8221;default&#8221; background_color=&#8221;#97B08F&#8221; global_colors_info=&#8221;{}&#8221;][et_pb_column type=&#8221;1_2&#8243; _builder_version=&#8221;4.27.4&#8243; _module_preset=&#8221;default&#8221; background_image=&#8221;https:\/\/oliviteexport.com\/wp-content\/uploads\/2025\/02\/ambassador-marcas.jpg&#8221; global_colors_info=&#8221;{}&#8221;][et_pb_image src=&#8221;https:\/\/oliviteexport.com\/wp-content\/uploads\/2025\/02\/ambassador-marcas.jpg&#8221; title_text=&#8221;ambassador-marcas&#8221; disabled_on=&#8221;off|off|on&#8221; _builder_version=&#8221;4.27.4&#8243; _module_preset=&#8221;default&#8221; global_colors_info=&#8221;{}&#8221;][\/et_pb_image][\/et_pb_column][et_pb_column type=&#8221;1_2&#8243; _builder_version=&#8221;4.27.4&#8243; _module_preset=&#8221;default&#8221; background_enable_color=&#8221;off&#8221; custom_padding=&#8221;80px|60px|80px|60px|false|false&#8221; custom_padding_tablet=&#8221;70px|40px|70px|40px|false|false&#8221; custom_padding_phone=&#8221;|20px||20px|false|false&#8221; custom_padding_last_edited=&#8221;on|phone&#8221; global_colors_info=&#8221;{}&#8221;][et_pb_text _builder_version=&#8221;4.27.4&#8243; _module_preset=&#8221;default&#8221; custom_margin=&#8221;||20px||false|false&#8221; global_colors_info=&#8221;{}&#8221;]<\/p>\n<h2>Ambassador<\/h2>\n<p>[\/et_pb_text][et_pb_text _builder_version=&#8221;4.27.4&#8243; _module_preset=&#8221;default&#8221; text_text_color=&#8221;#010101&#8243; max_width=&#8221;673px&#8221; global_colors_info=&#8221;{}&#8221;]<\/p>\n<p style=\"text-align: justify;\"><strong>AMBASSADOR<\/strong>, una de les marques amb m\u00e9s tradici\u00f3 i destacades en mercats asi\u00e0tics, dedica esfor\u00e7os a difondre les bondats i la cultura de l\u2019estil de vida mediterrani a nivell global. Els seus olis d\u2019oliva, reconeguts per la seva alta qualitat i disponibles en diversos formats, s\u00f3n ideals tant per a aplicacions culin\u00e0ries com cosm\u00e8tiques.<\/p>\n<p>[\/et_pb_text][\/et_pb_column][\/et_pb_row][\/et_pb_section][et_pb_section fb_built=&#8221;1&#8243; module_class=&#8221;z-index-0&#8243; _builder_version=&#8221;4.27.4&#8243; _module_preset=&#8221;default&#8221; background_image=&#8221;https:\/\/oliviteexport.com\/wp-content\/uploads\/2025\/02\/home-contacta.jpg&#8221; global_module=&#8221;185&#8243; saved_tabs=&#8221;all&#8221; global_colors_info=&#8221;{}&#8221;][et_pb_row module_class=&#8221;z-index-0&#8243; _builder_version=&#8221;4.27.4&#8243; _module_preset=&#8221;default&#8221; global_colors_info=&#8221;{}&#8221;][et_pb_column type=&#8221;4_4&#8243; _builder_version=&#8221;4.27.4&#8243; _module_preset=&#8221;default&#8221; global_colors_info=&#8221;{}&#8221;][et_pb_text _builder_version=&#8221;4.27.4&#8243; _module_preset=&#8221;default&#8221; header_2_text_align=&#8221;center&#8221; header_2_text_color=&#8221;#575757&#8243; custom_margin=&#8221;||30px||false|false&#8221; global_colors_info=&#8221;{}&#8221;]<\/p>\n<h2>Contacta amb nosaltres<\/h2>\n<p>[\/et_pb_text][et_pb_text _builder_version=&#8221;4.27.4&#8243; _module_preset=&#8221;default&#8221; text_font_size=&#8221;16px&#8221; text_orientation=&#8221;center&#8221; custom_margin=&#8221;||40px||false|false&#8221; global_colors_info=&#8221;{}&#8221;]<\/p>\n<p>Vols saber m\u00e9s sobre la nostra fam\u00edlia?<br \/>\nEnvia\u2019ns un missatge de manera r\u00e0pida i senzilla.<\/p>\n<p>[\/et_pb_text][et_pb_button button_url=&#8221;@ET-DC@eyJkeW5hbWljIjp0cnVlLCJjb250ZW50IjoicG9zdF9saW5rX3VybF9wYWdlIiwic2V0dGluZ3MiOnsicG9zdF9pZCI6IjE3MSJ9fQ==@&#8221; button_text=&#8221;Contactar&#8221; button_alignment=&#8221;center&#8221; _builder_version=&#8221;4.27.4&#8243; _dynamic_attributes=&#8221;button_url&#8221; _module_preset=&#8221;f10610b1-e7c7-45bf-a6fd-2e7ca92191c9&#8243; custom_button=&#8221;on&#8221; button_text_size=&#8221;18px&#8221; button_text_color=&#8221;#575757&#8243; button_bg_color=&#8221;#FFFFFF&#8221; button_border_color=&#8221;#FFFFFF&#8221; button_border_radius=&#8221;0px&#8221; button_use_icon=&#8221;off&#8221; custom_padding=&#8221;10px|40px|10px|40px|true|true&#8221; global_colors_info=&#8221;{}&#8221; button_text_color__hover_enabled=&#8221;on|hover&#8221; button_text_color__hover=&#8221;#FFFFFF&#8221; button_bg_color__hover_enabled=&#8221;on|hover&#8221; button_bg_color__hover=&#8221;#575757&#8243; button_bg_enable_color__hover=&#8221;on&#8221; button_border_color__hover_enabled=&#8221;on|hover&#8221; button_border_color__hover=&#8221;#575757&#8243;][\/et_pb_button][\/et_pb_column][\/et_pb_row][\/et_pb_section]<\/p>\n","protected":false},"excerpt":{"rendered":"<p>Les nostres marquesOliny\u00f3 1870Oliny\u00f3 1870 \u00e9s la nostra marca ins\u00edgnia, la culminaci\u00f3 de la uni\u00f3 de les m\u00e9s de 2.000 fam\u00edlies que formen part d\u2019Olivite Export, la reivindicaci\u00f3 de la feina ben feta i d\u2019unes terres d\u2019oliveres mil\u00b7len\u00e0ries.Hem creat una gamma de diferents olis d\u2019oliva per a tots els gustos i adaptables a les necessitats [&hellip;]<\/p>\n","protected":false},"author":1,"featured_media":0,"parent":0,"menu_order":0,"comment_status":"closed","ping_status":"closed","template":"","meta":{"_acf_changed":false,"_et_pb_use_builder":"on","_et_pb_old_content":"","_et_gb_content_width":"","footnotes":""},"class_list":["post-1403","page","type-page","status-publish","hentry"],"acf":[],"yoast_head":"<!-- This site is optimized with the Yoast SEO plugin v27.1.1 - https:\/\/yoast.com\/product\/yoast-seo-wordpress\/ -->\n<title>Marques - Olivite Export<\/title>\n<meta name=\"robots\" content=\"index, follow, max-snippet:-1, max-image-preview:large, max-video-preview:-1\" \/>\n<link rel=\"canonical\" href=\"https:\/\/oliviteexport.com\/ca\/marques\/\" \/>\n<meta property=\"og:locale\" content=\"ca_ES\" \/>\n<meta property=\"og:type\" content=\"article\" \/>\n<meta property=\"og:title\" content=\"Marques - Olivite Export\" \/>\n<meta property=\"og:description\" content=\"Les nostres marquesOliny\u00f3 1870Oliny\u00f3 1870 \u00e9s la nostra marca ins\u00edgnia, la culminaci\u00f3 de la uni\u00f3 de les m\u00e9s de 2.000 fam\u00edlies que formen part d\u2019Olivite Export, la reivindicaci\u00f3 de la feina ben feta i d\u2019unes terres d\u2019oliveres mil\u00b7len\u00e0ries.Hem creat una gamma de diferents olis d\u2019oliva per a tots els gustos i adaptables a les necessitats [&hellip;]\" \/>\n<meta property=\"og:url\" content=\"https:\/\/oliviteexport.com\/ca\/marques\/\" \/>\n<meta property=\"og:site_name\" content=\"Olivite Export\" \/>\n<meta property=\"article:modified_time\" content=\"2025-12-12T16:46:04+00:00\" \/>\n<meta name=\"twitter:card\" content=\"summary_large_image\" \/>\n<meta name=\"twitter:site\" content=\"@OliviteExportSL\" \/>\n<meta name=\"twitter:label1\" content=\"Temps estimat de lectura\" \/>\n\t<meta name=\"twitter:data1\" content=\"7 minuts\" \/>\n<script type=\"application\/ld+json\" class=\"yoast-schema-graph\">{\"@context\":\"https:\/\/schema.org\",\"@graph\":[{\"@type\":\"WebPage\",\"@id\":\"https:\/\/oliviteexport.com\/ca\/marques\/\",\"url\":\"https:\/\/oliviteexport.com\/ca\/marques\/\",\"name\":\"Marques - Olivite Export\",\"isPartOf\":{\"@id\":\"https:\/\/oliviteexport.com\/ca\/#website\"},\"datePublished\":\"2025-02-14T16:18:24+00:00\",\"dateModified\":\"2025-12-12T16:46:04+00:00\",\"breadcrumb\":{\"@id\":\"https:\/\/oliviteexport.com\/ca\/marques\/#breadcrumb\"},\"inLanguage\":\"ca\",\"potentialAction\":[{\"@type\":\"ReadAction\",\"target\":[\"https:\/\/oliviteexport.com\/ca\/marques\/\"]}]},{\"@type\":\"BreadcrumbList\",\"@id\":\"https:\/\/oliviteexport.com\/ca\/marques\/#breadcrumb\",\"itemListElement\":[{\"@type\":\"ListItem\",\"position\":1,\"name\":\"Portada\",\"item\":\"https:\/\/oliviteexport.com\/ca\/\"},{\"@type\":\"ListItem\",\"position\":2,\"name\":\"Marques\"}]},{\"@type\":\"WebSite\",\"@id\":\"https:\/\/oliviteexport.com\/ca\/#website\",\"url\":\"https:\/\/oliviteexport.com\/ca\/\",\"name\":\"Olivite Export\",\"description\":\"\",\"publisher\":{\"@id\":\"https:\/\/oliviteexport.com\/ca\/#organization\"},\"potentialAction\":[{\"@type\":\"SearchAction\",\"target\":{\"@type\":\"EntryPoint\",\"urlTemplate\":\"https:\/\/oliviteexport.com\/ca\/?s={search_term_string}\"},\"query-input\":{\"@type\":\"PropertyValueSpecification\",\"valueRequired\":true,\"valueName\":\"search_term_string\"}}],\"inLanguage\":\"ca\"},{\"@type\":\"Organization\",\"@id\":\"https:\/\/oliviteexport.com\/ca\/#organization\",\"name\":\"Olivite Export\",\"url\":\"https:\/\/oliviteexport.com\/ca\/\",\"logo\":{\"@type\":\"ImageObject\",\"inLanguage\":\"ca\",\"@id\":\"https:\/\/oliviteexport.com\/ca\/#\/schema\/logo\/image\/\",\"url\":\"https:\/\/oliviteexport.com\/wp-content\/uploads\/2025\/02\/logo.png\",\"contentUrl\":\"https:\/\/oliviteexport.com\/wp-content\/uploads\/2025\/02\/logo.png\",\"width\":216,\"height\":102,\"caption\":\"Olivite Export\"},\"image\":{\"@id\":\"https:\/\/oliviteexport.com\/ca\/#\/schema\/logo\/image\/\"},\"sameAs\":[\"https:\/\/x.com\/OliviteExportSL\",\"https:\/\/www.instagram.com\/oliviteexport\/\"]}]}<\/script>\n<!-- \/ Yoast SEO plugin. -->","yoast_head_json":{"title":"Marques - Olivite Export","robots":{"index":"index","follow":"follow","max-snippet":"max-snippet:-1","max-image-preview":"max-image-preview:large","max-video-preview":"max-video-preview:-1"},"canonical":"https:\/\/oliviteexport.com\/ca\/marques\/","og_locale":"ca_ES","og_type":"article","og_title":"Marques - Olivite Export","og_description":"Les nostres marquesOliny\u00f3 1870Oliny\u00f3 1870 \u00e9s la nostra marca ins\u00edgnia, la culminaci\u00f3 de la uni\u00f3 de les m\u00e9s de 2.000 fam\u00edlies que formen part d\u2019Olivite Export, la reivindicaci\u00f3 de la feina ben feta i d\u2019unes terres d\u2019oliveres mil\u00b7len\u00e0ries.Hem creat una gamma de diferents olis d\u2019oliva per a tots els gustos i adaptables a les necessitats [&hellip;]","og_url":"https:\/\/oliviteexport.com\/ca\/marques\/","og_site_name":"Olivite Export","article_modified_time":"2025-12-12T16:46:04+00:00","twitter_card":"summary_large_image","twitter_site":"@OliviteExportSL","twitter_misc":{"Temps estimat de lectura":"7 minuts"},"schema":{"@context":"https:\/\/schema.org","@graph":[{"@type":"WebPage","@id":"https:\/\/oliviteexport.com\/ca\/marques\/","url":"https:\/\/oliviteexport.com\/ca\/marques\/","name":"Marques - Olivite Export","isPartOf":{"@id":"https:\/\/oliviteexport.com\/ca\/#website"},"datePublished":"2025-02-14T16:18:24+00:00","dateModified":"2025-12-12T16:46:04+00:00","breadcrumb":{"@id":"https:\/\/oliviteexport.com\/ca\/marques\/#breadcrumb"},"inLanguage":"ca","potentialAction":[{"@type":"ReadAction","target":["https:\/\/oliviteexport.com\/ca\/marques\/"]}]},{"@type":"BreadcrumbList","@id":"https:\/\/oliviteexport.com\/ca\/marques\/#breadcrumb","itemListElement":[{"@type":"ListItem","position":1,"name":"Portada","item":"https:\/\/oliviteexport.com\/ca\/"},{"@type":"ListItem","position":2,"name":"Marques"}]},{"@type":"WebSite","@id":"https:\/\/oliviteexport.com\/ca\/#website","url":"https:\/\/oliviteexport.com\/ca\/","name":"Olivite Export","description":"","publisher":{"@id":"https:\/\/oliviteexport.com\/ca\/#organization"},"potentialAction":[{"@type":"SearchAction","target":{"@type":"EntryPoint","urlTemplate":"https:\/\/oliviteexport.com\/ca\/?s={search_term_string}"},"query-input":{"@type":"PropertyValueSpecification","valueRequired":true,"valueName":"search_term_string"}}],"inLanguage":"ca"},{"@type":"Organization","@id":"https:\/\/oliviteexport.com\/ca\/#organization","name":"Olivite Export","url":"https:\/\/oliviteexport.com\/ca\/","logo":{"@type":"ImageObject","inLanguage":"ca","@id":"https:\/\/oliviteexport.com\/ca\/#\/schema\/logo\/image\/","url":"https:\/\/oliviteexport.com\/wp-content\/uploads\/2025\/02\/logo.png","contentUrl":"https:\/\/oliviteexport.com\/wp-content\/uploads\/2025\/02\/logo.png","width":216,"height":102,"caption":"Olivite Export"},"image":{"@id":"https:\/\/oliviteexport.com\/ca\/#\/schema\/logo\/image\/"},"sameAs":["https:\/\/x.com\/OliviteExportSL","https:\/\/www.instagram.com\/oliviteexport\/"]}]}},"_links":{"self":[{"href":"https:\/\/oliviteexport.com\/ca\/wp-json\/wp\/v2\/pages\/1403","targetHints":{"allow":["GET"]}}],"collection":[{"href":"https:\/\/oliviteexport.com\/ca\/wp-json\/wp\/v2\/pages"}],"about":[{"href":"https:\/\/oliviteexport.com\/ca\/wp-json\/wp\/v2\/types\/page"}],"author":[{"embeddable":true,"href":"https:\/\/oliviteexport.com\/ca\/wp-json\/wp\/v2\/users\/1"}],"replies":[{"embeddable":true,"href":"https:\/\/oliviteexport.com\/ca\/wp-json\/wp\/v2\/comments?post=1403"}],"version-history":[{"count":2,"href":"https:\/\/oliviteexport.com\/ca\/wp-json\/wp\/v2\/pages\/1403\/revisions"}],"predecessor-version":[{"id":1405,"href":"https:\/\/oliviteexport.com\/ca\/wp-json\/wp\/v2\/pages\/1403\/revisions\/1405"}],"wp:attachment":[{"href":"https:\/\/oliviteexport.com\/ca\/wp-json\/wp\/v2\/media?parent=1403"}],"curies":[{"name":"wp","href":"https:\/\/api.w.org\/{rel}","templated":true}]}}