{"id":1414,"date":"2025-02-17T10:14:07","date_gmt":"2025-02-17T09:14:07","guid":{"rendered":"https:\/\/oliviteexport.com\/nosaltres\/"},"modified":"2025-12-12T17:58:37","modified_gmt":"2025-12-12T16:58:37","slug":"nosaltres","status":"publish","type":"page","link":"https:\/\/oliviteexport.com\/ca\/nosaltres\/","title":{"rendered":"Nosaltres"},"content":{"rendered":"<p>[et_pb_section fb_built=&#8221;1&#8243; module_class=&#8221;et_pb_section_pt&#8221; _builder_version=&#8221;4.27.4&#8243; _module_preset=&#8221;default&#8221; global_colors_info=&#8221;{}&#8221;][et_pb_row custom_padding_last_edited=&#8221;on|desktop&#8221; _builder_version=&#8221;4.27.4&#8243; _module_preset=&#8221;default&#8221; custom_padding=&#8221;0px||||false|false&#8221; custom_padding_tablet=&#8221;0px||||false|false&#8221; custom_padding_phone=&#8221;0px||||false|false&#8221; global_colors_info=&#8221;{}&#8221;][et_pb_column type=&#8221;4_4&#8243; _builder_version=&#8221;4.27.4&#8243; _module_preset=&#8221;default&#8221; global_colors_info=&#8221;{}&#8221;][et_pb_text _builder_version=&#8221;4.27.4&#8243; _module_preset=&#8221;default&#8221; header_text_align=&#8221;center&#8221; custom_margin=&#8221;20px||55px||false|false&#8221; custom_margin_tablet=&#8221;||70px||false|false&#8221; custom_margin_phone=&#8221;||70px||false|false&#8221; custom_margin_last_edited=&#8221;on|tablet&#8221; global_colors_info=&#8221;{}&#8221;]<\/p>\n<h1>Nosaltres<\/h1>\n<p>[\/et_pb_text][et_pb_text _builder_version=&#8221;4.27.4&#8243; _module_preset=&#8221;default&#8221; text_orientation=&#8221;center&#8221; max_width=&#8221;1038px&#8221; module_alignment=&#8221;center&#8221; global_colors_info=&#8221;{}&#8221;]<\/p>\n<p>Olivite Export neix de l\u2019alian\u00e7a entre cinc cooperatives de les Terres de l\u2019Ebre i l\u2019hist\u00f2rica empresa Juan Ballester Roses Sucesores, fundada l\u2019any 1870. Junts, donem forma a un projecte \u00fanic a Catalunya, amb profundes arrels al territori i una ferma vocaci\u00f3 internacional.<\/p>\n<p><\/p>\n<p>Amb les nostres noves instal\u00b7lacions de refinaria i envasat, impulsem el sector ole\u00edcola local, donem suport als agricultors i garantim la comercialitzaci\u00f3 del nostre oli en m\u00e9s de 30 pa\u00efsos. Apostem per la millora cont\u00ednua, l\u2019excel\u00b7l\u00e8ncia i la sostenibilitat per fer m\u00e9s competitives les collites dels nostres productors.<\/p>\n<p>[\/et_pb_text][\/et_pb_column][\/et_pb_row][\/et_pb_section][et_pb_section fb_built=&#8221;1&#8243; module_class=&#8221;et_pb_section_pb&#8221; _builder_version=&#8221;4.27.4&#8243; _module_preset=&#8221;default&#8221; global_colors_info=&#8221;{}&#8221;][et_pb_row column_structure=&#8221;1_2,1_2&#8243; make_equal=&#8221;on&#8221; module_class=&#8221;flex-align-center&#8221; _builder_version=&#8221;4.27.4&#8243; _module_preset=&#8221;default&#8221; background_color=&#8221;#f8f2ed&#8221; global_colors_info=&#8221;{}&#8221;][et_pb_column type=&#8221;1_2&#8243; _builder_version=&#8221;4.27.4&#8243; _module_preset=&#8221;default&#8221; global_colors_info=&#8221;{}&#8221;][et_pb_gallery gallery_ids=&#8221;771,774,777,780&#8243; fullwidth=&#8221;on&#8221; _builder_version=&#8221;4.27.4&#8243; _module_preset=&#8221;default&#8221; global_colors_info=&#8221;{}&#8221;][\/et_pb_gallery][\/et_pb_column][et_pb_column type=&#8221;1_2&#8243; _builder_version=&#8221;4.27.4&#8243; _module_preset=&#8221;default&#8221; custom_padding=&#8221;40px|40px|40px||false|false&#8221; custom_padding_tablet=&#8221;||80px|40px|false|false&#8221; custom_padding_phone=&#8221;|20px||20px|false|false&#8221; custom_padding_last_edited=&#8221;on|phone&#8221; global_colors_info=&#8221;{}&#8221;][et_pb_text _builder_version=&#8221;4.27.4&#8243; _module_preset=&#8221;default&#8221; custom_margin=&#8221;||5px||false|false&#8221; global_colors_info=&#8221;{}&#8221;]<\/p>\n<h2>Hist\u00f2ria<\/h2>\n<p>[\/et_pb_text][et_pb_text _builder_version=&#8221;4.27.4&#8243; _module_preset=&#8221;default&#8221; max_width=&#8221;600px&#8221; hover_enabled=&#8221;0&#8243; global_colors_info=&#8221;{}&#8221; sticky_enabled=&#8221;0&#8243;]<\/p>\n<p style=\"text-align: justify;\">Naixem l\u2019any 2021 fruit de l\u2019adquisici\u00f3 de l\u2019empresa familiar Juan Ballester Ros\u00e9s Sucesores, creada el 1870, per part de 5 cooperatives de les Terres de l\u2019Ebre: Soldebre (Tortosa, 1910), Agr\u00edcola Catalana i Secci\u00f3 de Cr\u00e8dit la Galera (La Galera, 1945), Olis de Santa B\u00e0rbara (Santa B\u00e0rbara, 1957), Cooperativa Agr\u00edcola Sant Isidre (Mas de Barberans, 1967), Cooperativa Agr\u00edcola de la S\u00e9nia (1996, la S\u00e9nia).<\/p>\n<p>[\/et_pb_text][\/et_pb_column][\/et_pb_row][\/et_pb_section][et_pb_section fb_built=&#8221;1&#8243; _builder_version=&#8221;4.27.4&#8243; _module_preset=&#8221;default&#8221; background_color=&#8221;#f8f2ed&#8221; custom_padding=&#8221;||82px||false|false&#8221; global_colors_info=&#8221;{}&#8221;][et_pb_row _builder_version=&#8221;4.27.4&#8243; _module_preset=&#8221;default&#8221; global_colors_info=&#8221;{}&#8221;][et_pb_column type=&#8221;4_4&#8243; _builder_version=&#8221;4.27.4&#8243; _module_preset=&#8221;default&#8221; global_colors_info=&#8221;{}&#8221;][et_pb_text _builder_version=&#8221;4.27.4&#8243; _module_preset=&#8221;default&#8221; header_2_text_align=&#8221;center&#8221; custom_margin_tablet=&#8221;&#8221; custom_margin_phone=&#8221;||||false|false&#8221; custom_margin_last_edited=&#8221;on|desktop&#8221; global_colors_info=&#8221;{}&#8221;]<\/p>\n<h2>Filosofia<\/h2>\n<p>[\/et_pb_text][\/et_pb_column][\/et_pb_row][et_pb_row column_structure=&#8221;1_3,1_3,1_3&#8243; custom_padding_last_edited=&#8221;on|phone&#8221; _builder_version=&#8221;4.27.4&#8243; _module_preset=&#8221;default&#8221; custom_padding=&#8221;35px||||false|false&#8221; custom_padding_tablet=&#8221;50px||||false|false&#8221; custom_padding_phone=&#8221;40px||||false|false&#8221; global_colors_info=&#8221;{}&#8221;][et_pb_column type=&#8221;1_3&#8243; _builder_version=&#8221;4.27.4&#8243; _module_preset=&#8221;default&#8221; global_colors_info=&#8221;{}&#8221;][et_pb_text _builder_version=&#8221;4.27.4&#8243; _module_preset=&#8221;default&#8221; custom_margin=&#8221;||5px||false|false&#8221; global_colors_info=&#8221;{}&#8221;]<\/p>\n<h3>Missi\u00f3<\/h3>\n<p>[\/et_pb_text][et_pb_text _builder_version=&#8221;4.27.4&#8243; _module_preset=&#8221;default&#8221; max_width=&#8221;470px&#8221; max_width_tablet=&#8221;100%&#8221; max_width_phone=&#8221;100%&#8221; max_width_last_edited=&#8221;on|tablet&#8221; hover_enabled=&#8221;0&#8243; global_colors_info=&#8221;{}&#8221; sticky_enabled=&#8221;0&#8243;]<\/p>\n<p style=\"text-align: justify;\">Promoure una alimentaci\u00f3 saludable i sostenible mitjan\u00e7ant la producci\u00f3 i exportaci\u00f3 d\u2019oli d\u2019oliva d\u2019alta qualitat, sempre compromesos amb la conservaci\u00f3 del medi ambient i la biodiversitat, donant suport aix\u00ed a un futur m\u00e9s saludable i responsable.<\/p>\n<p>[\/et_pb_text][\/et_pb_column][et_pb_column type=&#8221;1_3&#8243; _builder_version=&#8221;4.27.4&#8243; _module_preset=&#8221;default&#8221; global_colors_info=&#8221;{}&#8221;][et_pb_text _builder_version=&#8221;4.27.4&#8243; _module_preset=&#8221;default&#8221; custom_margin=&#8221;||5px||false|false&#8221; locked=&#8221;off&#8221; global_colors_info=&#8221;{}&#8221;]<\/p>\n<h3>Visi\u00f3<\/h3>\n<p>[\/et_pb_text][et_pb_text _builder_version=&#8221;4.27.4&#8243; _module_preset=&#8221;default&#8221; max_width=&#8221;470px&#8221; max_width_tablet=&#8221;100%&#8221; max_width_phone=&#8221;100%&#8221; max_width_last_edited=&#8221;on|tablet&#8221; locked=&#8221;off&#8221; global_colors_info=&#8221;{}&#8221;]<\/p>\n<p>Ser l\u00edders en el sector de l\u2019oli d\u2019oliva, reconeguts per la nostra qualitat i excel\u00b7l\u00e8ncia, generant valor per a agricultors, prove\u00efdors i col\u00b7laboradors.<\/p>\n<p><\/p>\n<p>Aspirarem a unir productors i consumidors amb els m\u00e9s alts est\u00e0ndards de satisfacci\u00f3 en tota la cadena de valor, en harmonia amb el medi ambient.<\/p>\n<p>[\/et_pb_text][\/et_pb_column][et_pb_column type=&#8221;1_3&#8243; _builder_version=&#8221;4.27.4&#8243; _module_preset=&#8221;default&#8221; global_colors_info=&#8221;{}&#8221;][et_pb_text _builder_version=&#8221;4.27.4&#8243; _module_preset=&#8221;default&#8221; custom_margin=&#8221;||5px||false|false&#8221; locked=&#8221;off&#8221; global_colors_info=&#8221;{}&#8221;]<\/p>\n<h3>Valors<\/h3>\n<p>[\/et_pb_text][et_pb_text _builder_version=&#8221;4.27.4&#8243; _module_preset=&#8221;default&#8221; max_width=&#8221;470px&#8221; max_width_tablet=&#8221;100%&#8221; max_width_phone=&#8221;100%&#8221; max_width_last_edited=&#8221;on|tablet&#8221; locked=&#8221;off&#8221; global_colors_info=&#8221;{}&#8221;]<\/p>\n<ul>\n<li style=\"text-align: justify;\">Vocaci\u00f3 de servei: Comprom\u00eds amb l\u2019excel\u00b7l\u00e8ncia i la satisfacci\u00f3 del client.<\/li>\n<li style=\"text-align: justify;\">Qualitat: Alts est\u00e0ndards en productes i processos.<\/li>\n<li style=\"text-align: justify;\">\u00c8tica professional: Integritat i responsabilitat en cada acci\u00f3.<\/li>\n<li style=\"text-align: justify;\">Respecte pel medi ambient: Prioritat en pr\u00e0ctiques sostenibles.<\/li>\n<li style=\"text-align: justify;\">Desenvolupament econ\u00f2mic: Suport al creixement i benestar de comunitats i socis comercials.<\/li>\n<\/ul>\n<p>[\/et_pb_text][\/et_pb_column][\/et_pb_row][\/et_pb_section][et_pb_section fb_built=&#8221;1&#8243; custom_padding_last_edited=&#8221;on|phone&#8221; _builder_version=&#8221;4.27.4&#8243; _module_preset=&#8221;default&#8221; custom_padding=&#8221;90px||90px||false|false&#8221; custom_padding_tablet=&#8221;80px||80px||false|false&#8221; custom_padding_phone=&#8221;70px||70px||false|false&#8221; global_colors_info=&#8221;{}&#8221;][et_pb_row column_structure=&#8221;1_2,1_2&#8243; make_equal=&#8221;on&#8221; _builder_version=&#8221;4.27.4&#8243; _module_preset=&#8221;default&#8221; global_colors_info=&#8221;{}&#8221;][et_pb_column type=&#8221;1_2&#8243; module_class=&#8221;w-860-left&#8221; _builder_version=&#8221;4.27.4&#8243; _module_preset=&#8221;default&#8221; custom_padding_phone=&#8221;|20px||20px|false|false&#8221; custom_padding_last_edited=&#8221;off|phone&#8221; global_colors_info=&#8221;{}&#8221;][et_pb_text _builder_version=&#8221;4.27.4&#8243; _module_preset=&#8221;default&#8221; custom_margin=&#8221;||25px||false|false&#8221; global_colors_info=&#8221;{}&#8221;]<\/p>\n<h2>Equip i lideratge<\/h2>\n<p>[\/et_pb_text][et_pb_text _builder_version=&#8221;4.27.4&#8243; _module_preset=&#8221;default&#8221; custom_margin=&#8221;||5px||false|false&#8221; global_colors_info=&#8221;{}&#8221;]<\/p>\n<h3>Professionals amb vigor i rigor<\/h3>\n<p>[\/et_pb_text][et_pb_text _builder_version=&#8221;4.27.4&#8243; _module_preset=&#8221;default&#8221; max_width=&#8221;790px&#8221; custom_margin=&#8221;||60px||false|false&#8221; global_colors_info=&#8221;{}&#8221;]<\/p>\n<p style=\"text-align: justify;\">El nostre equip est\u00e0 format per m\u00e9s de 40 professionals especialitzats en qualitat, producci\u00f3, exportaci\u00f3, log\u00edstica i desenvolupament de producte. Treballem alineats amb els est\u00e0ndards internacionals i les certificacions m\u00e9s exigents, assegurant una activitat s\u00f2lida, segura i orientada a l\u2019excel\u00b7l\u00e8ncia..<\/p>\n<p>[\/et_pb_text][et_pb_text _builder_version=&#8221;4.27.4&#8243; _module_preset=&#8221;default&#8221; custom_margin=&#8221;||5px||false|false&#8221; locked=&#8221;off&#8221; global_colors_info=&#8221;{}&#8221;]<\/p>\n<h3>Govern corporatiu<\/h3>\n<p>[\/et_pb_text][et_pb_text _builder_version=&#8221;4.27.4&#8243; _module_preset=&#8221;default&#8221; max_width=&#8221;790px&#8221; global_colors_info=&#8221;{}&#8221;]<\/p>\n<p style=\"text-align: justify;\">La direcci\u00f3 estrat\u00e8gica de l\u2019empresa est\u00e0 liderada per un Consell d\u2019Administraci\u00f3 format per representants de les cooperatives s\u00f2cies i perfils amb una traject\u00f2ria consolidada. Aquest \u00f2rgan vetlla pel bon govern, el compliment \u00e8tic i la sostenibilitat del projecte a llarg termini.<\/p>\n<p><\/p>\n<p style=\"text-align: justify;\">Al capdavant de la gesti\u00f3 di\u00e0ria, comptem amb una Direcci\u00f3 Executiva que impulsa el desenvolupament de l\u2019empresa, assegura l\u2019efici\u00e8ncia operativa i coordina els diferents equips amb una visi\u00f3 orientada a la innovaci\u00f3 i al mercat global.<\/p>\n<p>[\/et_pb_text][\/et_pb_column][et_pb_column type=&#8221;1_2&#8243; _builder_version=&#8221;4.27.4&#8243; _module_preset=&#8221;default&#8221; background_enable_image=&#8221;off&#8221; global_colors_info=&#8221;{}&#8221;][et_pb_gallery gallery_ids=&#8221;789,792,795,798&#8243; fullwidth=&#8221;on&#8221; _builder_version=&#8221;4.27.4&#8243; _module_preset=&#8221;default&#8221; global_colors_info=&#8221;{}&#8221;][\/et_pb_gallery][\/et_pb_column][\/et_pb_row][\/et_pb_section][et_pb_section fb_built=&#8221;1&#8243; module_class=&#8221;z-index-0&#8243; _builder_version=&#8221;4.27.4&#8243; _module_preset=&#8221;default&#8221; background_image=&#8221;https:\/\/oliviteexport.com\/wp-content\/uploads\/2025\/02\/home-contacta.jpg&#8221; global_module=&#8221;185&#8243; saved_tabs=&#8221;all&#8221; global_colors_info=&#8221;{}&#8221;][et_pb_row module_class=&#8221;z-index-0&#8243; _builder_version=&#8221;4.27.4&#8243; _module_preset=&#8221;default&#8221; global_colors_info=&#8221;{}&#8221;][et_pb_column type=&#8221;4_4&#8243; _builder_version=&#8221;4.27.4&#8243; _module_preset=&#8221;default&#8221; global_colors_info=&#8221;{}&#8221;][et_pb_text _builder_version=&#8221;4.27.4&#8243; _module_preset=&#8221;default&#8221; header_2_text_align=&#8221;center&#8221; header_2_text_color=&#8221;#575757&#8243; custom_margin=&#8221;||30px||false|false&#8221; global_colors_info=&#8221;{}&#8221;]<\/p>\n<h2>Contacta amb nosaltres<\/h2>\n<p>[\/et_pb_text][et_pb_text _builder_version=&#8221;4.27.4&#8243; _module_preset=&#8221;default&#8221; text_font_size=&#8221;16px&#8221; text_orientation=&#8221;center&#8221; custom_margin=&#8221;||40px||false|false&#8221; global_colors_info=&#8221;{}&#8221;]<\/p>\n<p>Vols saber m\u00e9s sobre la nostra fam\u00edlia?<br \/>\nEnvia\u2019ns un missatge de manera r\u00e0pida i senzilla.<\/p>\n<p>[\/et_pb_text][et_pb_button button_url=&#8221;@ET-DC@eyJkeW5hbWljIjp0cnVlLCJjb250ZW50IjoicG9zdF9saW5rX3VybF9wYWdlIiwic2V0dGluZ3MiOnsicG9zdF9pZCI6IjE3MSJ9fQ==@&#8221; button_text=&#8221;Contactar&#8221; button_alignment=&#8221;center&#8221; _builder_version=&#8221;4.27.4&#8243; _dynamic_attributes=&#8221;button_url&#8221; _module_preset=&#8221;f10610b1-e7c7-45bf-a6fd-2e7ca92191c9&#8243; custom_button=&#8221;on&#8221; button_text_size=&#8221;18px&#8221; button_text_color=&#8221;#575757&#8243; button_bg_color=&#8221;#FFFFFF&#8221; button_border_color=&#8221;#FFFFFF&#8221; button_border_radius=&#8221;0px&#8221; button_use_icon=&#8221;off&#8221; custom_padding=&#8221;10px|40px|10px|40px|true|true&#8221; global_colors_info=&#8221;{}&#8221; button_text_color__hover_enabled=&#8221;on|hover&#8221; button_text_color__hover=&#8221;#FFFFFF&#8221; button_bg_color__hover_enabled=&#8221;on|hover&#8221; button_bg_color__hover=&#8221;#575757&#8243; button_bg_enable_color__hover=&#8221;on&#8221; button_border_color__hover_enabled=&#8221;on|hover&#8221; button_border_color__hover=&#8221;#575757&#8243;][\/et_pb_button][\/et_pb_column][\/et_pb_row][\/et_pb_section]<\/p>\n","protected":false},"excerpt":{"rendered":"<p>NosaltresOlivite Export neix de l\u2019alian\u00e7a entre cinc cooperatives de les Terres de l\u2019Ebre i l\u2019hist\u00f2rica empresa Juan Ballester Roses Sucesores, fundada l\u2019any 1870. Junts, donem forma a un projecte \u00fanic a Catalunya, amb profundes arrels al territori i una ferma vocaci\u00f3 internacional.Amb les nostres noves instal\u00b7lacions de refinaria i envasat, impulsem el sector ole\u00edcola local, [&hellip;]<\/p>\n","protected":false},"author":1,"featured_media":0,"parent":0,"menu_order":0,"comment_status":"closed","ping_status":"closed","template":"","meta":{"_acf_changed":false,"_et_pb_use_builder":"on","_et_pb_old_content":"","_et_gb_content_width":"","footnotes":""},"class_list":["post-1414","page","type-page","status-publish","hentry"],"acf":[],"yoast_head":"<!-- This site is optimized with the Yoast SEO plugin v27.1.1 - https:\/\/yoast.com\/product\/yoast-seo-wordpress\/ -->\n<title>Nosaltres - Olivite Export<\/title>\n<meta name=\"robots\" content=\"index, follow, max-snippet:-1, max-image-preview:large, max-video-preview:-1\" \/>\n<link rel=\"canonical\" href=\"https:\/\/oliviteexport.com\/ca\/nosaltres\/\" \/>\n<meta property=\"og:locale\" content=\"ca_ES\" \/>\n<meta property=\"og:type\" content=\"article\" \/>\n<meta property=\"og:title\" content=\"Nosaltres - Olivite Export\" \/>\n<meta property=\"og:description\" content=\"NosaltresOlivite Export neix de l\u2019alian\u00e7a entre cinc cooperatives de les Terres de l\u2019Ebre i l\u2019hist\u00f2rica empresa Juan Ballester Roses Sucesores, fundada l\u2019any 1870. Junts, donem forma a un projecte \u00fanic a Catalunya, amb profundes arrels al territori i una ferma vocaci\u00f3 internacional.Amb les nostres noves instal\u00b7lacions de refinaria i envasat, impulsem el sector ole\u00edcola local, [&hellip;]\" \/>\n<meta property=\"og:url\" content=\"https:\/\/oliviteexport.com\/ca\/nosaltres\/\" \/>\n<meta property=\"og:site_name\" content=\"Olivite Export\" \/>\n<meta property=\"article:modified_time\" content=\"2025-12-12T16:58:37+00:00\" \/>\n<meta name=\"twitter:card\" content=\"summary_large_image\" \/>\n<meta name=\"twitter:site\" content=\"@OliviteExportSL\" \/>\n<meta name=\"twitter:label1\" content=\"Temps estimat de lectura\" \/>\n\t<meta name=\"twitter:data1\" content=\"8 minuts\" \/>\n<script type=\"application\/ld+json\" class=\"yoast-schema-graph\">{\"@context\":\"https:\/\/schema.org\",\"@graph\":[{\"@type\":\"WebPage\",\"@id\":\"https:\/\/oliviteexport.com\/ca\/nosaltres\/\",\"url\":\"https:\/\/oliviteexport.com\/ca\/nosaltres\/\",\"name\":\"Nosaltres - Olivite Export\",\"isPartOf\":{\"@id\":\"https:\/\/oliviteexport.com\/ca\/#website\"},\"datePublished\":\"2025-02-17T09:14:07+00:00\",\"dateModified\":\"2025-12-12T16:58:37+00:00\",\"breadcrumb\":{\"@id\":\"https:\/\/oliviteexport.com\/ca\/nosaltres\/#breadcrumb\"},\"inLanguage\":\"ca\",\"potentialAction\":[{\"@type\":\"ReadAction\",\"target\":[\"https:\/\/oliviteexport.com\/ca\/nosaltres\/\"]}]},{\"@type\":\"BreadcrumbList\",\"@id\":\"https:\/\/oliviteexport.com\/ca\/nosaltres\/#breadcrumb\",\"itemListElement\":[{\"@type\":\"ListItem\",\"position\":1,\"name\":\"Portada\",\"item\":\"https:\/\/oliviteexport.com\/ca\/\"},{\"@type\":\"ListItem\",\"position\":2,\"name\":\"Nosaltres\"}]},{\"@type\":\"WebSite\",\"@id\":\"https:\/\/oliviteexport.com\/ca\/#website\",\"url\":\"https:\/\/oliviteexport.com\/ca\/\",\"name\":\"Olivite Export\",\"description\":\"\",\"publisher\":{\"@id\":\"https:\/\/oliviteexport.com\/ca\/#organization\"},\"potentialAction\":[{\"@type\":\"SearchAction\",\"target\":{\"@type\":\"EntryPoint\",\"urlTemplate\":\"https:\/\/oliviteexport.com\/ca\/?s={search_term_string}\"},\"query-input\":{\"@type\":\"PropertyValueSpecification\",\"valueRequired\":true,\"valueName\":\"search_term_string\"}}],\"inLanguage\":\"ca\"},{\"@type\":\"Organization\",\"@id\":\"https:\/\/oliviteexport.com\/ca\/#organization\",\"name\":\"Olivite Export\",\"url\":\"https:\/\/oliviteexport.com\/ca\/\",\"logo\":{\"@type\":\"ImageObject\",\"inLanguage\":\"ca\",\"@id\":\"https:\/\/oliviteexport.com\/ca\/#\/schema\/logo\/image\/\",\"url\":\"https:\/\/oliviteexport.com\/wp-content\/uploads\/2025\/02\/logo.png\",\"contentUrl\":\"https:\/\/oliviteexport.com\/wp-content\/uploads\/2025\/02\/logo.png\",\"width\":216,\"height\":102,\"caption\":\"Olivite Export\"},\"image\":{\"@id\":\"https:\/\/oliviteexport.com\/ca\/#\/schema\/logo\/image\/\"},\"sameAs\":[\"https:\/\/x.com\/OliviteExportSL\",\"https:\/\/www.instagram.com\/oliviteexport\/\"]}]}<\/script>\n<!-- \/ Yoast SEO plugin. -->","yoast_head_json":{"title":"Nosaltres - Olivite Export","robots":{"index":"index","follow":"follow","max-snippet":"max-snippet:-1","max-image-preview":"max-image-preview:large","max-video-preview":"max-video-preview:-1"},"canonical":"https:\/\/oliviteexport.com\/ca\/nosaltres\/","og_locale":"ca_ES","og_type":"article","og_title":"Nosaltres - Olivite Export","og_description":"NosaltresOlivite Export neix de l\u2019alian\u00e7a entre cinc cooperatives de les Terres de l\u2019Ebre i l\u2019hist\u00f2rica empresa Juan Ballester Roses Sucesores, fundada l\u2019any 1870. Junts, donem forma a un projecte \u00fanic a Catalunya, amb profundes arrels al territori i una ferma vocaci\u00f3 internacional.Amb les nostres noves instal\u00b7lacions de refinaria i envasat, impulsem el sector ole\u00edcola local, [&hellip;]","og_url":"https:\/\/oliviteexport.com\/ca\/nosaltres\/","og_site_name":"Olivite Export","article_modified_time":"2025-12-12T16:58:37+00:00","twitter_card":"summary_large_image","twitter_site":"@OliviteExportSL","twitter_misc":{"Temps estimat de lectura":"8 minuts"},"schema":{"@context":"https:\/\/schema.org","@graph":[{"@type":"WebPage","@id":"https:\/\/oliviteexport.com\/ca\/nosaltres\/","url":"https:\/\/oliviteexport.com\/ca\/nosaltres\/","name":"Nosaltres - Olivite Export","isPartOf":{"@id":"https:\/\/oliviteexport.com\/ca\/#website"},"datePublished":"2025-02-17T09:14:07+00:00","dateModified":"2025-12-12T16:58:37+00:00","breadcrumb":{"@id":"https:\/\/oliviteexport.com\/ca\/nosaltres\/#breadcrumb"},"inLanguage":"ca","potentialAction":[{"@type":"ReadAction","target":["https:\/\/oliviteexport.com\/ca\/nosaltres\/"]}]},{"@type":"BreadcrumbList","@id":"https:\/\/oliviteexport.com\/ca\/nosaltres\/#breadcrumb","itemListElement":[{"@type":"ListItem","position":1,"name":"Portada","item":"https:\/\/oliviteexport.com\/ca\/"},{"@type":"ListItem","position":2,"name":"Nosaltres"}]},{"@type":"WebSite","@id":"https:\/\/oliviteexport.com\/ca\/#website","url":"https:\/\/oliviteexport.com\/ca\/","name":"Olivite Export","description":"","publisher":{"@id":"https:\/\/oliviteexport.com\/ca\/#organization"},"potentialAction":[{"@type":"SearchAction","target":{"@type":"EntryPoint","urlTemplate":"https:\/\/oliviteexport.com\/ca\/?s={search_term_string}"},"query-input":{"@type":"PropertyValueSpecification","valueRequired":true,"valueName":"search_term_string"}}],"inLanguage":"ca"},{"@type":"Organization","@id":"https:\/\/oliviteexport.com\/ca\/#organization","name":"Olivite Export","url":"https:\/\/oliviteexport.com\/ca\/","logo":{"@type":"ImageObject","inLanguage":"ca","@id":"https:\/\/oliviteexport.com\/ca\/#\/schema\/logo\/image\/","url":"https:\/\/oliviteexport.com\/wp-content\/uploads\/2025\/02\/logo.png","contentUrl":"https:\/\/oliviteexport.com\/wp-content\/uploads\/2025\/02\/logo.png","width":216,"height":102,"caption":"Olivite Export"},"image":{"@id":"https:\/\/oliviteexport.com\/ca\/#\/schema\/logo\/image\/"},"sameAs":["https:\/\/x.com\/OliviteExportSL","https:\/\/www.instagram.com\/oliviteexport\/"]}]}},"_links":{"self":[{"href":"https:\/\/oliviteexport.com\/ca\/wp-json\/wp\/v2\/pages\/1414","targetHints":{"allow":["GET"]}}],"collection":[{"href":"https:\/\/oliviteexport.com\/ca\/wp-json\/wp\/v2\/pages"}],"about":[{"href":"https:\/\/oliviteexport.com\/ca\/wp-json\/wp\/v2\/types\/page"}],"author":[{"embeddable":true,"href":"https:\/\/oliviteexport.com\/ca\/wp-json\/wp\/v2\/users\/1"}],"replies":[{"embeddable":true,"href":"https:\/\/oliviteexport.com\/ca\/wp-json\/wp\/v2\/comments?post=1414"}],"version-history":[{"count":3,"href":"https:\/\/oliviteexport.com\/ca\/wp-json\/wp\/v2\/pages\/1414\/revisions"}],"predecessor-version":[{"id":1417,"href":"https:\/\/oliviteexport.com\/ca\/wp-json\/wp\/v2\/pages\/1414\/revisions\/1417"}],"wp:attachment":[{"href":"https:\/\/oliviteexport.com\/ca\/wp-json\/wp\/v2\/media?parent=1414"}],"curies":[{"name":"wp","href":"https:\/\/api.w.org\/{rel}","templated":true}]}}