{"id":672,"date":"2025-02-21T18:13:21","date_gmt":"2025-02-21T17:13:21","guid":{"rendered":"https:\/\/globals.top\/olivite\/politica-de-privacitat\/"},"modified":"2025-02-25T09:27:03","modified_gmt":"2025-02-25T08:27:03","slug":"politica-de-privacitat","status":"publish","type":"page","link":"https:\/\/oliviteexport.com\/ca\/politica-de-privacitat\/","title":{"rendered":"Pol\u00edtica de privacitat"},"content":{"rendered":"\n<h2 class=\"wp-block-heading\">1. INFORMACI\u00d3 PER A L\u2019USUARI<\/h2>\n\n<h3 class=\"wp-block-heading\">Qui \u00e9s el responsable del tractament de les teves dades personals?<\/h3>\n\n<p><strong>Olivite Export S.L.<\/strong> \u00e9s el RESPONSABLE del tractament de les dades personals de l\u2019USUARI i l\u2019informa que aquestes dades es tractaran de conformitat amb el que estableix el Reglament (UE) 2016\/679, de 27 d\u2019abril (GDPR), i la Llei Org\u00e0nica 3\/2018, de 5 de desembre (LOPDGDD).<\/p>\n\n<h3 class=\"wp-block-heading\">\u00bfPer a qu\u00e8 tractem les teves dades personals i perqu\u00e8 ho fem?<\/h3>\n\n<p>Segons el formulari on h\u00e0gim obtingut les vostres dades personals, les tractarem de manera confidencial per assolir les finalitats seg\u00fcents:<\/p>\n\n<p>En el formulari <strong>Contacte<\/strong><\/p>\n\n<ul class=\"wp-block-list\">\n<li>Donar resposta a les consultes o qualsevol tipus de petici\u00f3 que faci l\u2019usuari a trav\u00e9s de qualsevol de les formes de contacte que es posen a la seva disposici\u00f3 a la p\u00e0gina web del responsable <em>(per l\u2019inter\u00e8s leg\u00edtim de l\u2019responsable, art. 6.1.f GDPR)<\/em><\/li>\n\n\n\n<li>Enviar comunicacions comercials publicit\u00e0ries per e-mail, fax, SMS, MMS, xarxes socials o qualsevol altre mitj\u00e0 electr\u00f2nic o f\u00edsic, present o futur, que permeti efectuar comunicacions comercials. Aquestes comunicacions s\u2019han de fer per mitj\u00e0 del responsable i estan relacionades amb els seus productes i serveis, o amb els seus col\u00b7laboradors o prove\u00efdors, amb els quals hagi arribat a algun acord de promoci\u00f3. En aquest cas, els tercers no tindran mai acc\u00e9s a les dades personals.&#13;\n<em>(pel consentiment de l\u2019interessat, 6.1.a GDPR)<\/em><\/li>\n\n\n\n<li>Efectuar an\u00e0lisis estad\u00edstiques i estudis de mercat.&#13;\n<em>(per l\u2019inter\u00e8s leg\u00edtim de l\u2019responsable, art. 6.1.f GDPR)<\/em><\/li>\n<\/ul>\n\n<p>En el formulari <strong>Curr\u00edculums<\/strong><\/p>\n\n<ul class=\"wp-block-list\">\n<li>Fer part\u00edcip l\u2019interessat dels processos de selecci\u00f3 de personal i analitzar el perfil del sol\u00b7licitant amb l\u2019objectiu de seleccionar un candidat per al lloc vacant del responsable.&#13;\n<em>(pel consentiment de l\u2019interessat, 6.1.a GDPR)<\/em><\/li>\n<\/ul>\n\n<h3 class=\"wp-block-heading\">Durant quant de temps guardarem les teves dades personals?<\/h3>\n\n<p>Es conservaran durant no m\u00e9s temps del necessari per mantenir la finalitat del tractament o mentre hi hagi prescripcions legals que en dictaminin la cust\u00f2dia i quan ja no sigui necessari per aquest motiu, se suprimiran amb mesures de seguretat adequades per garantir que les dades siguin anonimitzades o totalment destru\u00efdes.<\/p>\n\n<h3 class=\"wp-block-heading\">A qui facilitem les vostres dades personals?<\/h3>\n\n<p>No es preveu cap comunicaci\u00f3 de dades personals a tercers excepte si fos necessari per al desenvolupament i execuci\u00f3 de les finalitats del tractament, als nostres prove\u00efdors de serveis relacionats amb comunicacions, amb els quals el RESPONSABLE ha formalitzat els contractes de confidencialitat i d\u2019encarregat de tractament exigits per la normativa vigent de privacitat.<\/p>\n\n<h3 class=\"wp-block-heading\">Quins s\u00f3n teus drets?<\/h3>\n\n<p>Els drets que t\u00e9 l\u2019USUARI s\u00f3n:<\/p>\n\n<ul class=\"wp-block-list\">\n<li>Dret a retirar el consentiment en qualsevol moment.<\/li>\n\n\n\n<li>Dret d\u2019acc\u00e9s, rectificaci\u00f3, portabilitat i supressi\u00f3 de les vostres dades i de limitaci\u00f3 o oposici\u00f3 al seu tractament.<\/li>\n\n\n\n<li>Dret a presentar una reclamaci\u00f3 davant l\u2019autoritat de control (www.aepd.es) si considera que el tractament no s\u2019ajusta a la normativa vigent.<\/li>\n<\/ul>\n\n<p><strong>Dades de contacte per exercir els seus drets:<\/strong><\/p>\n\n<p>Olivite Export S.L.. Carrer d\u2019Amposta, 41 \u2013 43500 TORTOSA (Tarragona). E-mail: it@oliviteexport.com<\/p>\n\n<h2 class=\"wp-block-heading\">2. CAR\u00c0CTER OBLIGATORI O FACULTATIU DE LA INFORMACI\u00d3 FACILITADA PER L\u2019USUARI<\/h2>\n\n<p>Els USUARIS, per mitj\u00e0 de les caselles corresponents i la introducci\u00f3 de dades en els camps, marcats amb l\u2019asterisc (*) en el formulari de contacte o presentats en formularis de desc\u00e0rrega, accepten expressament i de manera lliure i inequ\u00edvoca, que les seves dades s\u00f3n necess\u00e0ries per atendre la seva petici\u00f3, per part del prestador, i que per tant la inclusi\u00f3 de les dades en els camps restants \u00e9s volunt\u00e0ria. L\u2019USUARI garanteix que les dades personals facilitades al RESPONSABLE s\u00f3n ver\u00eddiques i es fa responsable de comunicar-ne qualsevol modificaci\u00f3.<\/p>\n\n<p>El RESPONSABLE informa que totes les dades sol\u00b7licitades a trav\u00e9s del lloc web s\u00f3n obligat\u00f2ries, ja que s\u00f3n necess\u00e0ries per a la prestaci\u00f3 d\u2019un servei \u00f2ptim a l\u2019USUARI. En cas que no es facilitin totes les dades, no es garanteix que la informaci\u00f3 i serveis facilitats s\u2019ajustin completament a les seves necessitats.<\/p>\n\n<h2 class=\"wp-block-heading\">3. MESURES DE SEGURETAT<\/h2>\n\n<p>Que, de conformitat amb el que estableixen les normatives vigents en protecci\u00f3 de dades personals, el RESPONSABLE est\u00e0 complint amb totes les disposicions de les normatives GDPR i LOPDGDD per al tractament de les dades personals de la seva responsabilitat, i manifestament amb els principis descrits a l\u2019article 5 del GDPR, pels quals es tracten de manera l\u00edcita, lleial i transparent en relaci\u00f3 amb l\u2019interessat i adequades, pertinents i limitades al que \u00e9s necessari en relaci\u00f3 amb les finalitats per a les quals es tracten.<\/p>\n\n<p>El RESPONSABLE garanteix que ha implementat pol\u00edtiques t\u00e8cniques i organitzatives apropiades per aplicar les mesures de seguretat que estableixen el GDPR i la LOPDGDD, amb la finalitat de protegir els drets i llibertats dels USUARIS i els ha comunicat la informaci\u00f3 adequada perqu\u00e8 puguin exercir-los.<\/p>\n\n<p>Per a m\u00e9s informaci\u00f3 sobre les garanties de privacitat, pots adre\u00e7ar-te al RESPONSABLEa trav\u00e9s de Olivite Export S.L.. Carrer d\u2019Amposta, 41 \u2013 43500 TORTOSA (Tarragona). E-mail: it@oliviteexport.com&#13;\n&#13;\n<\/p>\n","protected":false},"excerpt":{"rendered":"<p>1. INFORMACI\u00d3 PER A L\u2019USUARI Qui \u00e9s el responsable del tractament de les teves dades personals? Olivite Export S.L. \u00e9s el RESPONSABLE del tractament de les dades personals de l\u2019USUARI i l\u2019informa que aquestes dades es tractaran de conformitat amb el que estableix el Reglament (UE) 2016\/679, de 27 d\u2019abril (GDPR), i la Llei Org\u00e0nica [&hellip;]<\/p>\n","protected":false},"author":1,"featured_media":0,"parent":0,"menu_order":0,"comment_status":"closed","ping_status":"closed","template":"page-template-legals.php","meta":{"_acf_changed":false,"_et_pb_use_builder":"off","_et_pb_old_content":"","_et_gb_content_width":"","footnotes":""},"class_list":["post-672","page","type-page","status-publish","hentry"],"acf":[],"yoast_head":"<!-- This site is optimized with the Yoast SEO plugin v27.1.1 - https:\/\/yoast.com\/product\/yoast-seo-wordpress\/ -->\n<title>Pol\u00edtica de privacitat - Olivite Export<\/title>\n<meta name=\"robots\" content=\"index, follow, max-snippet:-1, max-image-preview:large, max-video-preview:-1\" \/>\n<link rel=\"canonical\" href=\"https:\/\/oliviteexport.com\/ca\/politica-de-privacitat\/\" \/>\n<meta property=\"og:locale\" content=\"ca_ES\" \/>\n<meta property=\"og:type\" content=\"article\" \/>\n<meta property=\"og:title\" content=\"Pol\u00edtica de privacitat - Olivite Export\" \/>\n<meta property=\"og:description\" content=\"1. INFORMACI\u00d3 PER A L\u2019USUARI Qui \u00e9s el responsable del tractament de les teves dades personals? Olivite Export S.L. \u00e9s el RESPONSABLE del tractament de les dades personals de l\u2019USUARI i l\u2019informa que aquestes dades es tractaran de conformitat amb el que estableix el Reglament (UE) 2016\/679, de 27 d\u2019abril (GDPR), i la Llei Org\u00e0nica [&hellip;]\" \/>\n<meta property=\"og:url\" content=\"https:\/\/oliviteexport.com\/ca\/politica-de-privacitat\/\" \/>\n<meta property=\"og:site_name\" content=\"Olivite Export\" \/>\n<meta property=\"article:modified_time\" content=\"2025-02-25T08:27:03+00:00\" \/>\n<meta name=\"twitter:card\" content=\"summary_large_image\" \/>\n<meta name=\"twitter:site\" content=\"@OliviteExportSL\" \/>\n<meta name=\"twitter:label1\" content=\"Temps estimat de lectura\" \/>\n\t<meta name=\"twitter:data1\" content=\"4 minuts\" \/>\n<script type=\"application\/ld+json\" class=\"yoast-schema-graph\">{\"@context\":\"https:\/\/schema.org\",\"@graph\":[{\"@type\":\"WebPage\",\"@id\":\"https:\/\/oliviteexport.com\/ca\/politica-de-privacitat\/\",\"url\":\"https:\/\/oliviteexport.com\/ca\/politica-de-privacitat\/\",\"name\":\"Pol\u00edtica de privacitat - Olivite Export\",\"isPartOf\":{\"@id\":\"https:\/\/oliviteexport.com\/ca\/#website\"},\"datePublished\":\"2025-02-21T17:13:21+00:00\",\"dateModified\":\"2025-02-25T08:27:03+00:00\",\"breadcrumb\":{\"@id\":\"https:\/\/oliviteexport.com\/ca\/politica-de-privacitat\/#breadcrumb\"},\"inLanguage\":\"ca\",\"potentialAction\":[{\"@type\":\"ReadAction\",\"target\":[\"https:\/\/oliviteexport.com\/ca\/politica-de-privacitat\/\"]}]},{\"@type\":\"BreadcrumbList\",\"@id\":\"https:\/\/oliviteexport.com\/ca\/politica-de-privacitat\/#breadcrumb\",\"itemListElement\":[{\"@type\":\"ListItem\",\"position\":1,\"name\":\"Portada\",\"item\":\"https:\/\/oliviteexport.com\/ca\/\"},{\"@type\":\"ListItem\",\"position\":2,\"name\":\"Pol\u00edtica de privacitat\"}]},{\"@type\":\"WebSite\",\"@id\":\"https:\/\/oliviteexport.com\/ca\/#website\",\"url\":\"https:\/\/oliviteexport.com\/ca\/\",\"name\":\"Olivite Export\",\"description\":\"\",\"publisher\":{\"@id\":\"https:\/\/oliviteexport.com\/ca\/#organization\"},\"potentialAction\":[{\"@type\":\"SearchAction\",\"target\":{\"@type\":\"EntryPoint\",\"urlTemplate\":\"https:\/\/oliviteexport.com\/ca\/?s={search_term_string}\"},\"query-input\":{\"@type\":\"PropertyValueSpecification\",\"valueRequired\":true,\"valueName\":\"search_term_string\"}}],\"inLanguage\":\"ca\"},{\"@type\":\"Organization\",\"@id\":\"https:\/\/oliviteexport.com\/ca\/#organization\",\"name\":\"Olivite Export\",\"url\":\"https:\/\/oliviteexport.com\/ca\/\",\"logo\":{\"@type\":\"ImageObject\",\"inLanguage\":\"ca\",\"@id\":\"https:\/\/oliviteexport.com\/ca\/#\/schema\/logo\/image\/\",\"url\":\"https:\/\/oliviteexport.com\/wp-content\/uploads\/2025\/02\/logo.png\",\"contentUrl\":\"https:\/\/oliviteexport.com\/wp-content\/uploads\/2025\/02\/logo.png\",\"width\":216,\"height\":102,\"caption\":\"Olivite Export\"},\"image\":{\"@id\":\"https:\/\/oliviteexport.com\/ca\/#\/schema\/logo\/image\/\"},\"sameAs\":[\"https:\/\/x.com\/OliviteExportSL\",\"https:\/\/www.instagram.com\/oliviteexport\/\"]}]}<\/script>\n<!-- \/ Yoast SEO plugin. -->","yoast_head_json":{"title":"Pol\u00edtica de privacitat - Olivite Export","robots":{"index":"index","follow":"follow","max-snippet":"max-snippet:-1","max-image-preview":"max-image-preview:large","max-video-preview":"max-video-preview:-1"},"canonical":"https:\/\/oliviteexport.com\/ca\/politica-de-privacitat\/","og_locale":"ca_ES","og_type":"article","og_title":"Pol\u00edtica de privacitat - Olivite Export","og_description":"1. INFORMACI\u00d3 PER A L\u2019USUARI Qui \u00e9s el responsable del tractament de les teves dades personals? Olivite Export S.L. \u00e9s el RESPONSABLE del tractament de les dades personals de l\u2019USUARI i l\u2019informa que aquestes dades es tractaran de conformitat amb el que estableix el Reglament (UE) 2016\/679, de 27 d\u2019abril (GDPR), i la Llei Org\u00e0nica [&hellip;]","og_url":"https:\/\/oliviteexport.com\/ca\/politica-de-privacitat\/","og_site_name":"Olivite Export","article_modified_time":"2025-02-25T08:27:03+00:00","twitter_card":"summary_large_image","twitter_site":"@OliviteExportSL","twitter_misc":{"Temps estimat de lectura":"4 minuts"},"schema":{"@context":"https:\/\/schema.org","@graph":[{"@type":"WebPage","@id":"https:\/\/oliviteexport.com\/ca\/politica-de-privacitat\/","url":"https:\/\/oliviteexport.com\/ca\/politica-de-privacitat\/","name":"Pol\u00edtica de privacitat - Olivite Export","isPartOf":{"@id":"https:\/\/oliviteexport.com\/ca\/#website"},"datePublished":"2025-02-21T17:13:21+00:00","dateModified":"2025-02-25T08:27:03+00:00","breadcrumb":{"@id":"https:\/\/oliviteexport.com\/ca\/politica-de-privacitat\/#breadcrumb"},"inLanguage":"ca","potentialAction":[{"@type":"ReadAction","target":["https:\/\/oliviteexport.com\/ca\/politica-de-privacitat\/"]}]},{"@type":"BreadcrumbList","@id":"https:\/\/oliviteexport.com\/ca\/politica-de-privacitat\/#breadcrumb","itemListElement":[{"@type":"ListItem","position":1,"name":"Portada","item":"https:\/\/oliviteexport.com\/ca\/"},{"@type":"ListItem","position":2,"name":"Pol\u00edtica de privacitat"}]},{"@type":"WebSite","@id":"https:\/\/oliviteexport.com\/ca\/#website","url":"https:\/\/oliviteexport.com\/ca\/","name":"Olivite Export","description":"","publisher":{"@id":"https:\/\/oliviteexport.com\/ca\/#organization"},"potentialAction":[{"@type":"SearchAction","target":{"@type":"EntryPoint","urlTemplate":"https:\/\/oliviteexport.com\/ca\/?s={search_term_string}"},"query-input":{"@type":"PropertyValueSpecification","valueRequired":true,"valueName":"search_term_string"}}],"inLanguage":"ca"},{"@type":"Organization","@id":"https:\/\/oliviteexport.com\/ca\/#organization","name":"Olivite Export","url":"https:\/\/oliviteexport.com\/ca\/","logo":{"@type":"ImageObject","inLanguage":"ca","@id":"https:\/\/oliviteexport.com\/ca\/#\/schema\/logo\/image\/","url":"https:\/\/oliviteexport.com\/wp-content\/uploads\/2025\/02\/logo.png","contentUrl":"https:\/\/oliviteexport.com\/wp-content\/uploads\/2025\/02\/logo.png","width":216,"height":102,"caption":"Olivite Export"},"image":{"@id":"https:\/\/oliviteexport.com\/ca\/#\/schema\/logo\/image\/"},"sameAs":["https:\/\/x.com\/OliviteExportSL","https:\/\/www.instagram.com\/oliviteexport\/"]}]}},"_links":{"self":[{"href":"https:\/\/oliviteexport.com\/ca\/wp-json\/wp\/v2\/pages\/672","targetHints":{"allow":["GET"]}}],"collection":[{"href":"https:\/\/oliviteexport.com\/ca\/wp-json\/wp\/v2\/pages"}],"about":[{"href":"https:\/\/oliviteexport.com\/ca\/wp-json\/wp\/v2\/types\/page"}],"author":[{"embeddable":true,"href":"https:\/\/oliviteexport.com\/ca\/wp-json\/wp\/v2\/users\/1"}],"replies":[{"embeddable":true,"href":"https:\/\/oliviteexport.com\/ca\/wp-json\/wp\/v2\/comments?post=672"}],"version-history":[{"count":1,"href":"https:\/\/oliviteexport.com\/ca\/wp-json\/wp\/v2\/pages\/672\/revisions"}],"predecessor-version":[{"id":673,"href":"https:\/\/oliviteexport.com\/ca\/wp-json\/wp\/v2\/pages\/672\/revisions\/673"}],"wp:attachment":[{"href":"https:\/\/oliviteexport.com\/ca\/wp-json\/wp\/v2\/media?parent=672"}],"curies":[{"name":"wp","href":"https:\/\/api.w.org\/{rel}","templated":true}]}}