{"id":1463,"date":"2025-02-17T10:14:07","date_gmt":"2025-02-17T09:14:07","guid":{"rendered":"https:\/\/oliviteexport.com\/about-us\/"},"modified":"2025-12-15T12:43:40","modified_gmt":"2025-12-15T11:43:40","slug":"about-us","status":"publish","type":"page","link":"https:\/\/oliviteexport.com\/en\/about-us\/","title":{"rendered":"About Us"},"content":{"rendered":"<p>[et_pb_section fb_built=&#8221;1&#8243; module_class=&#8221;et_pb_section_pt&#8221; _builder_version=&#8221;4.27.4&#8243; _module_preset=&#8221;default&#8221; global_colors_info=&#8221;{}&#8221;][et_pb_row custom_padding_last_edited=&#8221;on|desktop&#8221; _builder_version=&#8221;4.27.4&#8243; _module_preset=&#8221;default&#8221; custom_padding=&#8221;0px||||false|false&#8221; custom_padding_tablet=&#8221;0px||||false|false&#8221; custom_padding_phone=&#8221;0px||||false|false&#8221; global_colors_info=&#8221;{}&#8221;][et_pb_column type=&#8221;4_4&#8243; _builder_version=&#8221;4.27.4&#8243; _module_preset=&#8221;default&#8221; global_colors_info=&#8221;{}&#8221;][et_pb_text _builder_version=&#8221;4.27.4&#8243; _module_preset=&#8221;default&#8221; header_text_align=&#8221;center&#8221; custom_margin=&#8221;20px||55px||false|false&#8221; custom_margin_tablet=&#8221;||70px||false|false&#8221; custom_margin_phone=&#8221;||70px||false|false&#8221; custom_margin_last_edited=&#8221;on|tablet&#8221; global_colors_info=&#8221;{}&#8221;]<\/p>\n<h1>About Us<\/h1>\n<p>[\/et_pb_text][et_pb_text _builder_version=&#8221;4.27.4&#8243; _module_preset=&#8221;default&#8221; text_orientation=&#8221;center&#8221; max_width=&#8221;1038px&#8221; module_alignment=&#8221;center&#8221; global_colors_info=&#8221;{}&#8221;]<\/p>\n<p>Olivite Export was born from the alliance between five cooperatives of the Terres de l\u2019Ebre and the historic company Juan Ballester Ros\u00e9s Sucesores, founded in 1870. Together, we shape a unique project in Catalonia, with deep roots in the territory and a firm international vocation.<\/p>\n<p><\/p>\n<p>With our new refining and packaging facilities, we boost the local olive oil sector, support farmers, and ensure the commercialisation of our oil in more than 30 countries. We are committed to continuous improvement, excellence, and sustainability to make the harvests of our producers more competitive.<\/p>\n<p>[\/et_pb_text][\/et_pb_column][\/et_pb_row][\/et_pb_section][et_pb_section fb_built=&#8221;1&#8243; module_class=&#8221;et_pb_section_pb&#8221; _builder_version=&#8221;4.27.4&#8243; _module_preset=&#8221;default&#8221; global_colors_info=&#8221;{}&#8221;][et_pb_row column_structure=&#8221;1_2,1_2&#8243; make_equal=&#8221;on&#8221; module_class=&#8221;flex-align-center&#8221; _builder_version=&#8221;4.27.4&#8243; _module_preset=&#8221;default&#8221; background_color=&#8221;#f8f2ed&#8221; global_colors_info=&#8221;{}&#8221;][et_pb_column type=&#8221;1_2&#8243; _builder_version=&#8221;4.27.4&#8243; _module_preset=&#8221;default&#8221; global_colors_info=&#8221;{}&#8221;][et_pb_gallery gallery_ids=&#8221;772,775,778,781&#8243; fullwidth=&#8221;on&#8221; _builder_version=&#8221;4.27.4&#8243; _module_preset=&#8221;default&#8221; global_colors_info=&#8221;{}&#8221;][\/et_pb_gallery][\/et_pb_column][et_pb_column type=&#8221;1_2&#8243; _builder_version=&#8221;4.27.4&#8243; _module_preset=&#8221;default&#8221; custom_padding=&#8221;40px|40px|40px||false|false&#8221; custom_padding_tablet=&#8221;||80px|40px|false|false&#8221; custom_padding_phone=&#8221;|20px||20px|false|false&#8221; custom_padding_last_edited=&#8221;on|phone&#8221; global_colors_info=&#8221;{}&#8221;][et_pb_text _builder_version=&#8221;4.27.4&#8243; _module_preset=&#8221;default&#8221; custom_margin=&#8221;||5px||false|false&#8221; global_colors_info=&#8221;{}&#8221;]<\/p>\n<h2>History<\/h2>\n<p>[\/et_pb_text][et_pb_text _builder_version=&#8221;4.27.4&#8243; _module_preset=&#8221;default&#8221; max_width=&#8221;600px&#8221; hover_enabled=&#8221;0&#8243; global_colors_info=&#8221;{}&#8221; sticky_enabled=&#8221;0&#8243;]<\/p>\n<p style=\"text-align: justify;\">We were founded in 2021 as a result of the acquisition of the family business Juan Ballester Ros\u00e9s Sucesores, created in 1870, by five cooperatives of the Terres de l\u2019Ebre: Soldebre (Tortosa, 1910), Agr\u00edcola Catalana i Secci\u00f3 de Credit la Galera (La Galera, 1945), Olis de Santa B\u00e0rbara (Santa B\u00e0rbara, 1957), Cooperativa Agr\u00edcola Sant Isidre (Mas de Barberans, 1967), Cooperativa Agr\u00edcola de la S\u00e9nia (1996, La S\u00e9nia).<\/p>\n<p>[\/et_pb_text][\/et_pb_column][\/et_pb_row][\/et_pb_section][et_pb_section fb_built=&#8221;1&#8243; _builder_version=&#8221;4.27.4&#8243; _module_preset=&#8221;default&#8221; background_color=&#8221;#f8f2ed&#8221; custom_padding=&#8221;||82px||false|false&#8221; global_colors_info=&#8221;{}&#8221;][et_pb_row _builder_version=&#8221;4.27.4&#8243; _module_preset=&#8221;default&#8221; global_colors_info=&#8221;{}&#8221;][et_pb_column type=&#8221;4_4&#8243; _builder_version=&#8221;4.27.4&#8243; _module_preset=&#8221;default&#8221; global_colors_info=&#8221;{}&#8221;][et_pb_text _builder_version=&#8221;4.27.4&#8243; _module_preset=&#8221;default&#8221; header_2_text_align=&#8221;center&#8221; custom_margin_tablet=&#8221;&#8221; custom_margin_phone=&#8221;||||false|false&#8221; custom_margin_last_edited=&#8221;on|desktop&#8221; global_colors_info=&#8221;{}&#8221;]<\/p>\n<h2>Philosophy<\/h2>\n<p>[\/et_pb_text][\/et_pb_column][\/et_pb_row][et_pb_row column_structure=&#8221;1_3,1_3,1_3&#8243; custom_padding_last_edited=&#8221;on|phone&#8221; _builder_version=&#8221;4.27.4&#8243; _module_preset=&#8221;default&#8221; custom_padding=&#8221;35px||||false|false&#8221; custom_padding_tablet=&#8221;50px||||false|false&#8221; custom_padding_phone=&#8221;40px||||false|false&#8221; global_colors_info=&#8221;{}&#8221;][et_pb_column type=&#8221;1_3&#8243; _builder_version=&#8221;4.27.4&#8243; _module_preset=&#8221;default&#8221; global_colors_info=&#8221;{}&#8221;][et_pb_text _builder_version=&#8221;4.27.4&#8243; _module_preset=&#8221;default&#8221; custom_margin=&#8221;||5px||false|false&#8221; global_colors_info=&#8221;{}&#8221;]<\/p>\n<h3>Mission<\/h3>\n<p>[\/et_pb_text][et_pb_text _builder_version=&#8221;4.27.4&#8243; _module_preset=&#8221;default&#8221; max_width=&#8221;470px&#8221; max_width_tablet=&#8221;100%&#8221; max_width_phone=&#8221;100%&#8221; max_width_last_edited=&#8221;on|tablet&#8221; hover_enabled=&#8221;0&#8243; global_colors_info=&#8221;{}&#8221; sticky_enabled=&#8221;0&#8243;]<\/p>\n<p style=\"text-align: justify;\">To promote healthy and sustainable nutrition through the production and export of high-quality olive oil, always committed to protecting the environment and biodiversity, thus supporting a healthier and more responsible future.<\/p>\n<p>[\/et_pb_text][\/et_pb_column][et_pb_column type=&#8221;1_3&#8243; _builder_version=&#8221;4.27.4&#8243; _module_preset=&#8221;default&#8221; global_colors_info=&#8221;{}&#8221;][et_pb_text _builder_version=&#8221;4.27.4&#8243; _module_preset=&#8221;default&#8221; custom_margin=&#8221;||5px||false|false&#8221; locked=&#8221;off&#8221; global_colors_info=&#8221;{}&#8221;]<\/p>\n<h3>Vision<\/h3>\n<p>[\/et_pb_text][et_pb_text _builder_version=&#8221;4.27.4&#8243; _module_preset=&#8221;default&#8221; max_width=&#8221;470px&#8221; max_width_tablet=&#8221;100%&#8221; max_width_phone=&#8221;100%&#8221; max_width_last_edited=&#8221;on|tablet&#8221; locked=&#8221;off&#8221; global_colors_info=&#8221;{}&#8221;]<\/p>\n<p>To be leaders in the olive oil sector, recognised for our quality and excellence, generating value for farmers, suppliers and collaborators.<\/p>\n<p><\/p>\n<p>We aspire to unite producers and consumers with the highest satisfaction standards throughout the value chain, in harmony with the environment.<\/p>\n<p>[\/et_pb_text][\/et_pb_column][et_pb_column type=&#8221;1_3&#8243; _builder_version=&#8221;4.27.4&#8243; _module_preset=&#8221;default&#8221; global_colors_info=&#8221;{}&#8221;][et_pb_text _builder_version=&#8221;4.27.4&#8243; _module_preset=&#8221;default&#8221; custom_margin=&#8221;||5px||false|false&#8221; locked=&#8221;off&#8221; global_colors_info=&#8221;{}&#8221;]<\/p>\n<h3>Values<\/h3>\n<p>[\/et_pb_text][et_pb_text _builder_version=&#8221;4.27.4&#8243; _module_preset=&#8221;default&#8221; max_width=&#8221;470px&#8221; max_width_tablet=&#8221;100%&#8221; max_width_phone=&#8221;100%&#8221; max_width_last_edited=&#8221;on|tablet&#8221; locked=&#8221;off&#8221; global_colors_info=&#8221;{}&#8221;]<\/p>\n<ul>\n<li style=\"text-align: justify;\">Service vocation: Commitment to excellence and customer satisfaction.<\/li>\n<li style=\"text-align: justify;\">Quality: High standards in products and processes.<\/li>\n<li style=\"text-align: justify;\">Professional ethics: Integrity and responsibility in every action.<\/li>\n<li style=\"text-align: justify;\">Respect for the environment: Priority on sustainable practices.<\/li>\n<li style=\"text-align: justify;\">Economic development: Support for the growth and well-being of communities and commercial partners.<\/li>\n<\/ul>\n<p>[\/et_pb_text][\/et_pb_column][\/et_pb_row][\/et_pb_section][et_pb_section fb_built=&#8221;1&#8243; custom_padding_last_edited=&#8221;on|phone&#8221; _builder_version=&#8221;4.27.4&#8243; _module_preset=&#8221;default&#8221; custom_padding=&#8221;90px||90px||false|false&#8221; custom_padding_tablet=&#8221;80px||80px||false|false&#8221; custom_padding_phone=&#8221;70px||70px||false|false&#8221; global_colors_info=&#8221;{}&#8221;][et_pb_row column_structure=&#8221;1_2,1_2&#8243; make_equal=&#8221;on&#8221; _builder_version=&#8221;4.27.4&#8243; _module_preset=&#8221;default&#8221; global_colors_info=&#8221;{}&#8221;][et_pb_column type=&#8221;1_2&#8243; module_class=&#8221;w-860-left&#8221; _builder_version=&#8221;4.27.4&#8243; _module_preset=&#8221;default&#8221; custom_padding_phone=&#8221;|20px||20px|false|false&#8221; custom_padding_last_edited=&#8221;off|phone&#8221; global_colors_info=&#8221;{}&#8221;][et_pb_text _builder_version=&#8221;4.27.4&#8243; _module_preset=&#8221;default&#8221; custom_margin=&#8221;||25px||false|false&#8221; global_colors_info=&#8221;{}&#8221;]<\/p>\n<h2>Team and leadership<\/h2>\n<p>[\/et_pb_text][et_pb_text _builder_version=&#8221;4.27.4&#8243; _module_preset=&#8221;default&#8221; custom_margin=&#8221;||5px||false|false&#8221; global_colors_info=&#8221;{}&#8221;]<\/p>\n<h3>Professionals with Strength and Rigour<\/h3>\n<p>[\/et_pb_text][et_pb_text _builder_version=&#8221;4.27.4&#8243; _module_preset=&#8221;default&#8221; max_width=&#8221;790px&#8221; custom_margin=&#8221;||60px||false|false&#8221; global_colors_info=&#8221;{}&#8221;]<\/p>\n<p style=\"text-align: justify;\">Our team is made up of more than 40 professionals specialising in quality, production, export, logistics and product development. We work in line with international standards and the strictest certifications, ensuring solid, safe and excellence-oriented operations.<\/p>\n<p>[\/et_pb_text][et_pb_text _builder_version=&#8221;4.27.4&#8243; _module_preset=&#8221;default&#8221; custom_margin=&#8221;||5px||false|false&#8221; locked=&#8221;off&#8221; global_colors_info=&#8221;{}&#8221;]<\/p>\n<h3>Corporate Governance<\/h3>\n<p>[\/et_pb_text][et_pb_text _builder_version=&#8221;4.27.4&#8243; _module_preset=&#8221;default&#8221; max_width=&#8221;790px&#8221; global_colors_info=&#8221;{}&#8221;]<\/p>\n<p style=\"text-align: justify;\">The strategic management of the company is led by a Board of Directors made up of representatives from the partner cooperatives and experienced profiles. This body ensures good governance, ethical compliance and the long-term sustainability of the project.<\/p>\n<p><\/p>\n<p style=\"text-align: justify;\">Our daily management is headed by an Executive Management that drives the company\u2019s development, ensures operational efficiency and coordinates the different teams with a vision oriented towards innovation and the global market.<\/p>\n<p>[\/et_pb_text][\/et_pb_column][et_pb_column type=&#8221;1_2&#8243; _builder_version=&#8221;4.27.4&#8243; _module_preset=&#8221;default&#8221; background_enable_image=&#8221;off&#8221; global_colors_info=&#8221;{}&#8221;][et_pb_gallery gallery_ids=&#8221;790,793,796,799&#8243; fullwidth=&#8221;on&#8221; _builder_version=&#8221;4.27.4&#8243; _module_preset=&#8221;default&#8221; global_colors_info=&#8221;{}&#8221;][\/et_pb_gallery][\/et_pb_column][\/et_pb_row][\/et_pb_section][et_pb_section fb_built=&#8221;1&#8243; module_class=&#8221;z-index-0&#8243; _builder_version=&#8221;4.27.4&#8243; _module_preset=&#8221;default&#8221; background_image=&#8221;https:\/\/oliviteexport.com\/wp-content\/uploads\/2025\/02\/home-contacta.jpg&#8221; global_module=&#8221;185&#8243; saved_tabs=&#8221;all&#8221; global_colors_info=&#8221;{}&#8221;][et_pb_row module_class=&#8221;z-index-0&#8243; _builder_version=&#8221;4.27.4&#8243; _module_preset=&#8221;default&#8221; global_colors_info=&#8221;{}&#8221;][et_pb_column type=&#8221;4_4&#8243; _builder_version=&#8221;4.27.4&#8243; _module_preset=&#8221;default&#8221; global_colors_info=&#8221;{}&#8221;][et_pb_text _builder_version=&#8221;4.27.4&#8243; _module_preset=&#8221;default&#8221; header_2_text_align=&#8221;center&#8221; header_2_text_color=&#8221;#575757&#8243; custom_margin=&#8221;||30px||false|false&#8221; global_colors_info=&#8221;{}&#8221;]<\/p>\n<h2>Contact us<\/h2>\n<p>[\/et_pb_text][et_pb_text _builder_version=&#8221;4.27.4&#8243; _module_preset=&#8221;default&#8221; text_font_size=&#8221;16px&#8221; text_orientation=&#8221;center&#8221; custom_margin=&#8221;||40px||false|false&#8221; global_colors_info=&#8221;{}&#8221;]<\/p>\n<p>Would you like to know more about our family?<br \/>\nSend us a message quickly and easily.<\/p>\n<p>[\/et_pb_text][et_pb_button button_url=&#8221;@ET-DC@eyJkeW5hbWljIjp0cnVlLCJjb250ZW50IjoicG9zdF9saW5rX3VybF9wYWdlIiwic2V0dGluZ3MiOnsicG9zdF9pZCI6IjE3MSJ9fQ==@&#8221; button_text=&#8221;Contact&#8221; button_alignment=&#8221;center&#8221; _builder_version=&#8221;4.27.4&#8243; _dynamic_attributes=&#8221;button_url&#8221; _module_preset=&#8221;f10610b1-e7c7-45bf-a6fd-2e7ca92191c9&#8243; custom_button=&#8221;on&#8221; button_text_size=&#8221;18px&#8221; button_text_color=&#8221;#575757&#8243; button_bg_color=&#8221;#FFFFFF&#8221; button_border_color=&#8221;#FFFFFF&#8221; button_border_radius=&#8221;0px&#8221; button_use_icon=&#8221;off&#8221; custom_padding=&#8221;10px|40px|10px|40px|true|true&#8221; global_colors_info=&#8221;{}&#8221; button_text_color__hover_enabled=&#8221;on|hover&#8221; button_text_color__hover=&#8221;#FFFFFF&#8221; button_bg_color__hover_enabled=&#8221;on|hover&#8221; button_bg_color__hover=&#8221;#575757&#8243; button_bg_enable_color__hover=&#8221;on&#8221; button_border_color__hover_enabled=&#8221;on|hover&#8221; button_border_color__hover=&#8221;#575757&#8243;][\/et_pb_button][\/et_pb_column][\/et_pb_row][\/et_pb_section]<\/p>\n","protected":false},"excerpt":{"rendered":"<p>About UsOlivite Export was born from the alliance between five cooperatives of the Terres de l\u2019Ebre and the historic company Juan Ballester Ros\u00e9s Sucesores, founded in 1870. Together, we shape a unique project in Catalonia, with deep roots in the territory and a firm international vocation.With our new refining and packaging facilities, we boost the [&hellip;]<\/p>\n","protected":false},"author":1,"featured_media":0,"parent":0,"menu_order":0,"comment_status":"closed","ping_status":"closed","template":"","meta":{"_acf_changed":false,"_et_pb_use_builder":"on","_et_pb_old_content":"","_et_gb_content_width":"","footnotes":""},"class_list":["post-1463","page","type-page","status-publish","hentry"],"acf":[],"yoast_head":"<!-- This site is optimized with the Yoast SEO plugin v27.1.1 - https:\/\/yoast.com\/product\/yoast-seo-wordpress\/ -->\n<title>About Us - Olivite Export<\/title>\n<meta name=\"robots\" content=\"index, follow, max-snippet:-1, max-image-preview:large, max-video-preview:-1\" \/>\n<link rel=\"canonical\" href=\"https:\/\/oliviteexport.com\/en\/about-us\/\" \/>\n<meta property=\"og:locale\" content=\"en_US\" \/>\n<meta property=\"og:type\" content=\"article\" \/>\n<meta property=\"og:title\" content=\"About Us - Olivite Export\" \/>\n<meta property=\"og:description\" content=\"About UsOlivite Export was born from the alliance between five cooperatives of the Terres de l\u2019Ebre and the historic company Juan Ballester Ros\u00e9s Sucesores, founded in 1870. Together, we shape a unique project in Catalonia, with deep roots in the territory and a firm international vocation.With our new refining and packaging facilities, we boost the [&hellip;]\" \/>\n<meta property=\"og:url\" content=\"https:\/\/oliviteexport.com\/en\/about-us\/\" \/>\n<meta property=\"og:site_name\" content=\"Olivite Export\" \/>\n<meta property=\"article:modified_time\" content=\"2025-12-15T11:43:40+00:00\" \/>\n<meta name=\"twitter:card\" content=\"summary_large_image\" \/>\n<meta name=\"twitter:site\" content=\"@OliviteExportSL\" \/>\n<meta name=\"twitter:label1\" content=\"Est. reading time\" \/>\n\t<meta name=\"twitter:data1\" content=\"8 minutes\" \/>\n<script type=\"application\/ld+json\" class=\"yoast-schema-graph\">{\"@context\":\"https:\/\/schema.org\",\"@graph\":[{\"@type\":\"WebPage\",\"@id\":\"https:\/\/oliviteexport.com\/en\/about-us\/\",\"url\":\"https:\/\/oliviteexport.com\/en\/about-us\/\",\"name\":\"About Us - Olivite Export\",\"isPartOf\":{\"@id\":\"https:\/\/oliviteexport.com\/en\/#website\"},\"datePublished\":\"2025-02-17T09:14:07+00:00\",\"dateModified\":\"2025-12-15T11:43:40+00:00\",\"breadcrumb\":{\"@id\":\"https:\/\/oliviteexport.com\/en\/about-us\/#breadcrumb\"},\"inLanguage\":\"en-US\",\"potentialAction\":[{\"@type\":\"ReadAction\",\"target\":[\"https:\/\/oliviteexport.com\/en\/about-us\/\"]}]},{\"@type\":\"BreadcrumbList\",\"@id\":\"https:\/\/oliviteexport.com\/en\/about-us\/#breadcrumb\",\"itemListElement\":[{\"@type\":\"ListItem\",\"position\":1,\"name\":\"Portada\",\"item\":\"https:\/\/oliviteexport.com\/en\/\"},{\"@type\":\"ListItem\",\"position\":2,\"name\":\"About Us\"}]},{\"@type\":\"WebSite\",\"@id\":\"https:\/\/oliviteexport.com\/en\/#website\",\"url\":\"https:\/\/oliviteexport.com\/en\/\",\"name\":\"Olivite Export\",\"description\":\"\",\"publisher\":{\"@id\":\"https:\/\/oliviteexport.com\/en\/#organization\"},\"potentialAction\":[{\"@type\":\"SearchAction\",\"target\":{\"@type\":\"EntryPoint\",\"urlTemplate\":\"https:\/\/oliviteexport.com\/en\/?s={search_term_string}\"},\"query-input\":{\"@type\":\"PropertyValueSpecification\",\"valueRequired\":true,\"valueName\":\"search_term_string\"}}],\"inLanguage\":\"en-US\"},{\"@type\":\"Organization\",\"@id\":\"https:\/\/oliviteexport.com\/en\/#organization\",\"name\":\"Olivite Export\",\"url\":\"https:\/\/oliviteexport.com\/en\/\",\"logo\":{\"@type\":\"ImageObject\",\"inLanguage\":\"en-US\",\"@id\":\"https:\/\/oliviteexport.com\/en\/#\/schema\/logo\/image\/\",\"url\":\"https:\/\/oliviteexport.com\/wp-content\/uploads\/2025\/02\/logo.png\",\"contentUrl\":\"https:\/\/oliviteexport.com\/wp-content\/uploads\/2025\/02\/logo.png\",\"width\":216,\"height\":102,\"caption\":\"Olivite Export\"},\"image\":{\"@id\":\"https:\/\/oliviteexport.com\/en\/#\/schema\/logo\/image\/\"},\"sameAs\":[\"https:\/\/x.com\/OliviteExportSL\",\"https:\/\/www.instagram.com\/oliviteexport\/\"]}]}<\/script>\n<!-- \/ Yoast SEO plugin. -->","yoast_head_json":{"title":"About Us - Olivite Export","robots":{"index":"index","follow":"follow","max-snippet":"max-snippet:-1","max-image-preview":"max-image-preview:large","max-video-preview":"max-video-preview:-1"},"canonical":"https:\/\/oliviteexport.com\/en\/about-us\/","og_locale":"en_US","og_type":"article","og_title":"About Us - Olivite Export","og_description":"About UsOlivite Export was born from the alliance between five cooperatives of the Terres de l\u2019Ebre and the historic company Juan Ballester Ros\u00e9s Sucesores, founded in 1870. Together, we shape a unique project in Catalonia, with deep roots in the territory and a firm international vocation.With our new refining and packaging facilities, we boost the [&hellip;]","og_url":"https:\/\/oliviteexport.com\/en\/about-us\/","og_site_name":"Olivite Export","article_modified_time":"2025-12-15T11:43:40+00:00","twitter_card":"summary_large_image","twitter_site":"@OliviteExportSL","twitter_misc":{"Est. reading time":"8 minutes"},"schema":{"@context":"https:\/\/schema.org","@graph":[{"@type":"WebPage","@id":"https:\/\/oliviteexport.com\/en\/about-us\/","url":"https:\/\/oliviteexport.com\/en\/about-us\/","name":"About Us - Olivite Export","isPartOf":{"@id":"https:\/\/oliviteexport.com\/en\/#website"},"datePublished":"2025-02-17T09:14:07+00:00","dateModified":"2025-12-15T11:43:40+00:00","breadcrumb":{"@id":"https:\/\/oliviteexport.com\/en\/about-us\/#breadcrumb"},"inLanguage":"en-US","potentialAction":[{"@type":"ReadAction","target":["https:\/\/oliviteexport.com\/en\/about-us\/"]}]},{"@type":"BreadcrumbList","@id":"https:\/\/oliviteexport.com\/en\/about-us\/#breadcrumb","itemListElement":[{"@type":"ListItem","position":1,"name":"Portada","item":"https:\/\/oliviteexport.com\/en\/"},{"@type":"ListItem","position":2,"name":"About Us"}]},{"@type":"WebSite","@id":"https:\/\/oliviteexport.com\/en\/#website","url":"https:\/\/oliviteexport.com\/en\/","name":"Olivite Export","description":"","publisher":{"@id":"https:\/\/oliviteexport.com\/en\/#organization"},"potentialAction":[{"@type":"SearchAction","target":{"@type":"EntryPoint","urlTemplate":"https:\/\/oliviteexport.com\/en\/?s={search_term_string}"},"query-input":{"@type":"PropertyValueSpecification","valueRequired":true,"valueName":"search_term_string"}}],"inLanguage":"en-US"},{"@type":"Organization","@id":"https:\/\/oliviteexport.com\/en\/#organization","name":"Olivite Export","url":"https:\/\/oliviteexport.com\/en\/","logo":{"@type":"ImageObject","inLanguage":"en-US","@id":"https:\/\/oliviteexport.com\/en\/#\/schema\/logo\/image\/","url":"https:\/\/oliviteexport.com\/wp-content\/uploads\/2025\/02\/logo.png","contentUrl":"https:\/\/oliviteexport.com\/wp-content\/uploads\/2025\/02\/logo.png","width":216,"height":102,"caption":"Olivite Export"},"image":{"@id":"https:\/\/oliviteexport.com\/en\/#\/schema\/logo\/image\/"},"sameAs":["https:\/\/x.com\/OliviteExportSL","https:\/\/www.instagram.com\/oliviteexport\/"]}]}},"_links":{"self":[{"href":"https:\/\/oliviteexport.com\/en\/wp-json\/wp\/v2\/pages\/1463","targetHints":{"allow":["GET"]}}],"collection":[{"href":"https:\/\/oliviteexport.com\/en\/wp-json\/wp\/v2\/pages"}],"about":[{"href":"https:\/\/oliviteexport.com\/en\/wp-json\/wp\/v2\/types\/page"}],"author":[{"embeddable":true,"href":"https:\/\/oliviteexport.com\/en\/wp-json\/wp\/v2\/users\/1"}],"replies":[{"embeddable":true,"href":"https:\/\/oliviteexport.com\/en\/wp-json\/wp\/v2\/comments?post=1463"}],"version-history":[{"count":3,"href":"https:\/\/oliviteexport.com\/en\/wp-json\/wp\/v2\/pages\/1463\/revisions"}],"predecessor-version":[{"id":1466,"href":"https:\/\/oliviteexport.com\/en\/wp-json\/wp\/v2\/pages\/1463\/revisions\/1466"}],"wp:attachment":[{"href":"https:\/\/oliviteexport.com\/en\/wp-json\/wp\/v2\/media?parent=1463"}],"curies":[{"name":"wp","href":"https:\/\/api.w.org\/{rel}","templated":true}]}}